{"id":15452,"date":"2015-02-03T14:49:09","date_gmt":"2015-02-03T13:49:09","guid":{"rendered":"https:\/\/lashacademymarbella.com\/contactanos\/"},"modified":"2024-01-17T11:25:35","modified_gmt":"2024-01-17T10:25:35","slug":"contactanos","status":"publish","type":"page","link":"https:\/\/lashacademymarbella.com\/es\/contactanos\/","title":{"rendered":"Contactanos"},"content":{"rendered":"<div class=\"wpb-content-wrapper\"><p>[vc_row][vc_column offset=&#8221;vc_hidden-md vc_hidden-sm vc_hidden-xs&#8221;][vc_empty_space height=&#8221;30px&#8221;][\/vc_column][\/vc_row][vc_row][vc_column offset=&#8221;vc_hidden-sm vc_hidden-xs&#8221;][vc_empty_space height=&#8221;30px&#8221;][\/vc_column][\/vc_row][vc_row css=&#8221;.vc_custom_1560495129266{margin-right: -30px !important;margin-left: -30px !important;}&#8221;][vc_column width=&#8221;2\/5&#8243; css=&#8221;.vc_custom_1560495134630{margin-bottom: 30px !important;padding-right: 30px !important;padding-left: 30px !important;}&#8221;][vc_row_inner gap=&#8221;0&#8243; css=&#8221;.vc_custom_1558412794777{background-color: #f8f8f8 !important;}&#8221;][vc_column_inner css=&#8221;.vc_custom_1558413453302{margin-bottom: -30px !important;padding-top: 50px !important;padding-right: 15% !important;padding-bottom: 50px !important;padding-left: 15% !important;}&#8221;][vc_column_text]<\/p>\n<div class=\"lnr lnr-map-marker\" style=\"text-align: center; font-size: 36px; line-height: 40px; margin-bottom: 20px; color: #222222;\"><\/div>\n<h6 class=\"primary-color\" style=\"text-align: center;\">DIRECCI\u00d3N<\/h6>\n<p style=\"text-align: center; margin-bottom: 30px;\">Marbella, Espa\u00f1a<\/p>\n<div class=\"lnr lnr-phone-handset\" style=\"text-align: center; font-size: 36px; line-height: 40px; margin-bottom: 20px; color: #222222;\"><\/div>\n<h6 class=\"primary-color\" style=\"text-align: center;\">TEL\u00c9FONO<\/h6>\n<p style=\"text-align: center; margin-bottom: 30px;\">(+34) 628 30 29 30<\/p>\n<div class=\"lnr lnr-envelope\" style=\"text-align: center; font-size: 36px; line-height: 40px; margin-bottom: 20px; color: #222222;\"><\/div>\n<h6 class=\"primary-color\" style=\"text-align: center;\">CORREO ELECTR\u00d3NICO<\/h6>\n<p style=\"text-align: center; margin: 0;\">info@lashacademymarbella.com<\/p>\n<p>[\/vc_column_text][\/vc_column_inner][\/vc_row_inner][\/vc_column][vc_column width=&#8221;3\/5&#8243; css=&#8221;.vc_custom_1560495140726{padding-right: 30px !important;padding-left: 30px !important;}&#8221;][vc_column_text]<div class=\"wpforms-container wpforms-container-full\" id=\"wpforms-15140\"><form id=\"wpforms-form-15140\" class=\"wpforms-validate wpforms-form\" data-formid=\"15140\" method=\"post\" enctype=\"multipart\/form-data\" action=\"\/es\/wp-json\/wp\/v2\/pages\/15452\" data-token=\"8350783e0c44deb4d7e4492ec7b56511\" data-token-time=\"1776898208\"><noscript class=\"wpforms-error-noscript\">Por favor, activa JavaScript en tu navegador para completar este formulario.<\/noscript><div class=\"wpforms-field-container\"><div id=\"wpforms-15140-field_1-container\" class=\"wpforms-field wpforms-field-name\" data-field-id=\"1\"><label class=\"wpforms-field-label wpforms-label-hide\" for=\"wpforms-15140-field_1\">Nombre <span class=\"wpforms-required-label\">*<\/span><\/label><div class=\"wpforms-field-row wpforms-field-large\"><div class=\"wpforms-field-row-block wpforms-first wpforms-one-half\"><input type=\"text\" id=\"wpforms-15140-field_1\" class=\"wpforms-field-name-first wpforms-field-required\" name=\"wpforms[fields][1][first]\" placeholder=\"Nombre *\" required><label for=\"wpforms-15140-field_1\" class=\"wpforms-field-sublabel after wpforms-sublabel-hide\">First<\/label><\/div><div class=\"wpforms-field-row-block wpforms-one-half\"><input type=\"text\" id=\"wpforms-15140-field_1-last\" class=\"wpforms-field-name-last wpforms-field-required\" name=\"wpforms[fields][1][last]\" placeholder=\"Apellido *\" required><label for=\"wpforms-15140-field_1-last\" class=\"wpforms-field-sublabel after wpforms-sublabel-hide\">Last<\/label><\/div><\/div><\/div><div id=\"wpforms-15140-field_2-container\" class=\"wpforms-field wpforms-field-email\" data-field-id=\"2\"><label class=\"wpforms-field-label wpforms-label-hide\" for=\"wpforms-15140-field_2\">Correo electr\u00f3nico <span class=\"wpforms-required-label\">*<\/span><\/label><input type=\"email\" id=\"wpforms-15140-field_2\" class=\"wpforms-field-large wpforms-field-required\" name=\"wpforms[fields][2]\" placeholder=\"Tu direcci\u00f3n de correo electr\u00f3nico *\" spellcheck=\"false\" required><\/div><div id=\"wpforms-15140-field_3-container\" class=\"wpforms-field wpforms-field-text\" data-field-id=\"3\"><label class=\"wpforms-field-label wpforms-label-hide\" for=\"wpforms-15140-field_3\">Tel\u00e9fono <span class=\"wpforms-required-label\">*<\/span><\/label><input type=\"text\" id=\"wpforms-15140-field_3\" class=\"wpforms-field-large wpforms-field-required\" name=\"wpforms[fields][3]\" placeholder=\"Tu n\u00famero de tel\u00e9fono *\" required><\/div><div id=\"wpforms-15140-field_4-container\" class=\"wpforms-field wpforms-field-textarea\" data-field-id=\"4\"><label class=\"wpforms-field-label wpforms-label-hide\" for=\"wpforms-15140-field_4\">Mensaje <span class=\"wpforms-required-label\">*<\/span><\/label><textarea id=\"wpforms-15140-field_4\" class=\"wpforms-field-large wpforms-field-required\" name=\"wpforms[fields][4]\" placeholder=\"Mensaje *\" required><\/textarea><\/div><div id=\"wpforms-15140-field_11-container\" class=\"wpforms-field wpforms-field-content\" data-field-id=\"11\"><div id=\"wpforms-15140-field_11\" class=\"wpforms-field-large wpforms-field-row\"><p><strong>*Informaci\u00f3n b\u00e1sica sobre el tratamiento de datos personales conforme al RGPD (UE) 2016\/679 y a la LOPDGDD 3\/2018.<\/strong><\/p>\n<p><strong>Responsable:<\/strong> Vivien Villanyi. <strong>Finalidad:<\/strong> Contactar con el interesado. Atender las peticiones de informaci\u00f3n recibidas y responder las consultas planteadas. Prestar el servicio de atenci\u00f3n al cliente. Enviar comunicaciones comerciales electr\u00f3nicas sobre nuestros productos y\/o servicios. <strong>Legitimaci\u00f3n:<\/strong> Ejecuci\u00f3n de un contrato. Consentimiento del interesado. <strong>Destinatarios:<\/strong> No se ceder\u00e1n datos a terceros, salvo obligaci\u00f3n legal. <strong>Derechos:<\/strong> Tiene derecho a acceder, rectificar y suprimir sus datos, as\u00ed como otros derechos, indicados en la informaci\u00f3n adicional, que puede ejercer dirigi\u00e9ndose a la direcci\u00f3n del responsable del tratamiento <a href=\"mailto:info@lashacademymarbella.com\">info@lashacademymarbella.com<\/a> <strong>Informaci\u00f3n adicional:<\/strong> Puede consultar la informaci\u00f3n adicional y detallada sobre Protecci\u00f3n de Datos en las cl\u00e1usulas anexas que se encuentran en <a href=\"https:\/\/lashacademymarbella.com\/politica-de-privacidad.\">https:\/\/lashacademymarbella.com\/politica-de-privacidad<\/a>    <\/p>\n<div class=\"wpforms-field-content-display-frontend-clear\"><\/div><\/div><\/div><div id=\"wpforms-15140-field_10-container\" class=\"wpforms-field wpforms-field-checkbox\" data-field-id=\"10\"><label class=\"wpforms-field-label wpforms-label-hide\">Checkbox1 <span class=\"wpforms-required-label\">*<\/span><\/label><ul id=\"wpforms-15140-field_10\" class=\"wpforms-field-required\"><li class=\"choice-1 depth-1\"><input type=\"checkbox\" id=\"wpforms-15140-field_10_1\" name=\"wpforms[fields][10][]\" value=\"Acepto el tratamiento de mis datos seg\u00fan las finalidades indicadas en la informaci\u00f3n b\u00e1sica de protecci\u00f3n de datos*.\" required ><label class=\"wpforms-field-label-inline\" for=\"wpforms-15140-field_10_1\">Acepto el tratamiento de mis datos seg\u00fan las finalidades indicadas en la informaci\u00f3n b\u00e1sica de protecci\u00f3n de datos*.<\/label><\/li><\/ul><\/div><div id=\"wpforms-15140-field_13-container\" class=\"wpforms-field wpforms-field-checkbox\" data-field-id=\"13\"><label class=\"wpforms-field-label wpforms-label-hide\">Checkbox2<\/label><ul id=\"wpforms-15140-field_13\"><li class=\"choice-4 depth-1\"><input type=\"checkbox\" id=\"wpforms-15140-field_13_4\" name=\"wpforms[fields][13][]\" value=\"Doy mi consentimiento al responsable del tratamiento para recibir comunicaciones comerciales electr\u00f3nicas de sus productos y\/o servicios.\"  ><label class=\"wpforms-field-label-inline\" for=\"wpforms-15140-field_13_4\">Doy mi consentimiento al responsable del tratamiento para recibir comunicaciones comerciales electr\u00f3nicas de sus productos y\/o servicios.<\/label><\/li><\/ul><\/div><\/div><!-- .wpforms-field-container --><div class=\"wpforms-recaptcha-container wpforms-is-recaptcha wpforms-is-recaptcha-type-v3\" ><input type=\"hidden\" name=\"wpforms[recaptcha]\" value=\"\"><\/div><div class=\"wpforms-submit-container\" ><input type=\"hidden\" name=\"wpforms[id]\" value=\"15140\"><input type=\"hidden\" name=\"page_title\" value=\"\"><input type=\"hidden\" name=\"page_url\" value=\"https:\/\/lashacademymarbella.com\/es\/wp-json\/wp\/v2\/pages\/15452\"><button type=\"submit\" name=\"wpforms[submit]\" id=\"wpforms-submit-15140\" class=\"wpforms-submit\" data-alt-text=\"Enviando...\" data-submit-text=\"Enviar\" aria-live=\"assertive\" value=\"wpforms-submit\">Enviar<\/button><\/div><\/form><\/div>  <!-- .wpforms-container -->[\/vc_column_text][\/vc_column][\/vc_row][vc_row][vc_column offset=&#8221;vc_hidden-sm vc_hidden-xs&#8221;][vc_empty_space height=&#8221;50px&#8221;][\/vc_column][\/vc_row][vc_row full_width=&#8221;stretch_row_content_no_spaces&#8221; disable_element=&#8221;yes&#8221;][vc_column]\t\t\t<div class=\"google-map-embed\" style=\"height: 600px\">\n\t\t\t\t<iframe frameborder=\"0\" scrolling=\"no\" marginheight=\"0\" marginwidth=\"0\"\n\t\t\t\t\t\tsrc=\"https:\/\/maps.google.com\/maps?q=Birmingham&#038;t=m&#038;z=16&#038;output=embed&#038;iwloc=near\"\n\t\t\t\t\t\theight=\"600\"\n\t\t\t\t\t\twidth=\"100%\"\n\t\t\t\t\t\ttitle=\"Birmingham\"\n\t\t\t\t\t\taria-label=\"Birmingham\"\n\t\t\t\t><\/iframe>\n\t\t\t<\/div>\n\t\t\t[\/vc_column][\/vc_row]<\/p>\n<\/div>","protected":false},"excerpt":{"rendered":"<p>[vc_row][vc_column offset=&#8221;vc_hidden-md vc_hidden-sm vc_hidden-xs&#8221;][vc_empty_space height=&#8221;30px&#8221;][\/vc_column][\/vc_row][vc_row][vc_column offset=&#8221;vc_hidden-sm vc_hidden-xs&#8221;][vc_empty_space height=&#8221;30px&#8221;][\/vc_column][\/vc_row][vc_row css=&#8221;.vc_custom_1560495129266{margin-right: -30px !important;margin-left: -30px !important;}&#8221;][vc_column width=&#8221;2\/5&#8243; css=&#8221;.vc_custom_1560495134630{margin-bottom: 30px !important;padding-right: 30px !important;padding-left: 30px !important;}&#8221;][vc_row_inner gap=&#8221;0&#8243; css=&#8221;.vc_custom_1558412794777{background-color: #f8f8f8 !important;}&#8221;][vc_column_inner css=&#8221;.vc_custom_1558413453302{margin-bottom: -30px !important;padding-top: 50px !important;padding-right: 15% !important;padding-bottom: 50px !important;padding-left: 15% !important;}&#8221;][vc_column_text] DIRECCI\u00d3N Marbella, Espa\u00f1a TEL\u00c9FONO (+34) 628 30 29 30 CORREO ELECTR\u00d3NICO info@lashacademymarbella.com [\/vc_column_text][\/vc_column_inner][\/vc_row_inner][\/vc_column][vc_column width=&#8221;3\/5&#8243; css=&#8221;.vc_custom_1560495140726{padding-right: 30px !important;padding-left: 30px !important;}&#8221;][vc_column_text][\/vc_column_text][\/vc_column][\/vc_row][vc_row][vc_column [&hellip;]<\/p>\n","protected":false},"author":1,"featured_media":0,"parent":0,"menu_order":3,"comment_status":"closed","ping_status":"closed","template":"","meta":{"footnotes":""},"class_list":["post-15452","page","type-page","status-publish","hentry"],"_links":{"self":[{"href":"https:\/\/lashacademymarbella.com\/es\/wp-json\/wp\/v2\/pages\/15452","targetHints":{"allow":["GET"]}}],"collection":[{"href":"https:\/\/lashacademymarbella.com\/es\/wp-json\/wp\/v2\/pages"}],"about":[{"href":"https:\/\/lashacademymarbella.com\/es\/wp-json\/wp\/v2\/types\/page"}],"author":[{"embeddable":true,"href":"https:\/\/lashacademymarbella.com\/es\/wp-json\/wp\/v2\/users\/1"}],"replies":[{"embeddable":true,"href":"https:\/\/lashacademymarbella.com\/es\/wp-json\/wp\/v2\/comments?post=15452"}],"version-history":[{"count":1,"href":"https:\/\/lashacademymarbella.com\/es\/wp-json\/wp\/v2\/pages\/15452\/revisions"}],"predecessor-version":[{"id":15453,"href":"https:\/\/lashacademymarbella.com\/es\/wp-json\/wp\/v2\/pages\/15452\/revisions\/15453"}],"wp:attachment":[{"href":"https:\/\/lashacademymarbella.com\/es\/wp-json\/wp\/v2\/media?parent=15452"}],"curies":[{"name":"wp","href":"https:\/\/api.w.org\/{rel}","templated":true}]}}