{"id":15464,"date":"2024-01-17T11:34:45","date_gmt":"2024-01-17T10:34:45","guid":{"rendered":"https:\/\/lashacademymarbella.com\/master-volumen-russo\/"},"modified":"2024-03-26T23:03:16","modified_gmt":"2024-03-26T22:03:16","slug":"master-volumen-russo","status":"publish","type":"page","link":"https:\/\/lashacademymarbella.com\/es\/formaciones\/master-volumen-russo\/","title":{"rendered":"M\u00e1ster &#8211; Volumen Russo"},"content":{"rendered":"<div class=\"wpb-content-wrapper\"><p>[vc_section][vc_row rtl_reverse=&#8221;yes&#8221;][vc_column width=&#8221;1\/3&#8243; css=&#8221;.vc_custom_1627244422924{padding-top: 25px !important;padding-right: 25px !important;padding-bottom: 25px !important;padding-left: 25px !important;}&#8221;][vc_images_carousel images=&#8221;15430,15432,15428,15431&#8243; img_size=&#8221;full&#8221; autoplay=&#8221;yes&#8221; wrap=&#8221;yes&#8221;][vc_single_image image=&#8221;15429&#8243; img_size=&#8221;full&#8221; alignment=&#8221;center&#8221;][\/vc_column][vc_column width=&#8221;2\/3&#8243; css=&#8221;.vc_custom_1627244427868{padding-top: 25px !important;padding-right: 25px !important;padding-bottom: 25px !important;padding-left: 25px !important;}&#8221;][vc_column_text]<\/p>\n<h5>Nuestro formaciones de pesta\u00f1as<\/h5>\n<h3>M\u00e1ster &#8211; Volumen Russo<\/h3>\n<p>Seria de dos dias intensivas de aprendizaje. Cada instructor tendr\u00e1 un m\u00e1ximo de 3 alumnos para garantizar una formaci\u00f3n personalizada de alta calidad. Despu\u00e9s de la finalizaci\u00f3n, los estudiantes tambi\u00e9n tendr\u00e1n la oportunidad de ponerse en contacto con Lash Academy Marbella para obtener orientaci\u00f3n adicional una vez que se haya completado el curso LAM. Este curso le brindar\u00e1 un conocimiento profundo y los fundamentos de la aplicaci\u00f3n de volumen Russo &#8211; Hibrid y Mega volumen El curso de pesta\u00f1as guiar\u00e1 a cada estudiante a trav\u00e9s de diferentes pesta\u00f1as, suministros y herramientas, salud y seguridad, preparaci\u00f3n de la estaci\u00f3n de trabajo, consulta y preparaci\u00f3n del cliente, amarre de diferentes formas de ojos, aplicaci\u00f3n adecuada y segura de extensiones de pesta\u00f1as en un maniqu\u00ed y modelo en vivo, pesta\u00f1as Rellenos, cuidado posterior, eliminaci\u00f3n de extensiones de pesta\u00f1as y consejos y trucos de marketing\/redes sociales.[\/vc_column_text][vc_column_text]<\/p>\n<h4>Se incluye un manual, un kit de pesta\u00f1as y un certificado de calificaci\u00f3n.<\/h4>\n<p>Una vez que cada estudiante haya completado de manera competente la formaci\u00f3n. \u00a1Cada estudiante recibir\u00e1 un c\u00f3digo de descuento para agregar sus suministros favoritos a su kit! <\/p>\n<h4>El curso proporciona pr\u00e1ctica intensiva y perfecci\u00f3n antes de pasar a modelos en vivo,<\/h4>\n<p>dando a cada estudiante la confianza para practicar sus habilidades reci\u00e9n adquiridas. Los estudiantes necesitar\u00e1n un modelo para cada clase.[\/vc_column_text][\/vc_column][\/vc_row][vc_row][vc_column css=&#8221;.vc_custom_1627244190206{padding-top: 25px !important;padding-right: 25px !important;padding-bottom: 25px !important;padding-left: 25px !important;}&#8221;][vc_column_text]<\/p>\n<h4>Se requiere una tarifa de reserva y un dep\u00f3sito no reembolsable del 50% para cada curso. Se puede organizar un plan de pago a pedido. <\/h4>\n<p><em>*Las tarifas de clase, incluidas las tarifas de reserva, no son reembolsables; sin embargo, los estudiantes pueden transferir el pago a otra fecha en ese lugar dentro del mismo a\u00f1o.<\/em><\/p>\n<p>Si cambia la fecha de la capacitaci\u00f3n, se aplicar\u00e1 una tarifa de reprogramaci\u00f3n. Notifique a Lash Academy Marbella con al menos 3 semanas de anticipaci\u00f3n para realizar cualquier cambio en la fecha del curso elegido; de lo contrario, no se podr\u00e1n realizar cambios. No se pueden aplicar devoluciones por no asistir al curso.<\/p>\n<p><strong>ALL CERTIFICATES WILL BE CREATED USING YOUR NAME ON YOUR LAM ACCOUNT. IF CHANGES NEED TO BE MADE, PLEASE EMAIL US WITH YOUR PREFERRED NAME. <\/strong>[\/vc_column_text][\/vc_column][\/vc_row][\/vc_section]<\/p>\n<\/div>","protected":false},"excerpt":{"rendered":"<p>[vc_section][vc_row rtl_reverse=&#8221;yes&#8221;][vc_column width=&#8221;1\/3&#8243; css=&#8221;.vc_custom_1627244422924{padding-top: 25px !important;padding-right: 25px !important;padding-bottom: 25px !important;padding-left: 25px !important;}&#8221;][vc_images_carousel images=&#8221;15430,15432,15428,15431&#8243; img_size=&#8221;full&#8221; autoplay=&#8221;yes&#8221; wrap=&#8221;yes&#8221;][vc_single_image image=&#8221;15429&#8243; img_size=&#8221;full&#8221; alignment=&#8221;center&#8221;][\/vc_column][vc_column width=&#8221;2\/3&#8243; css=&#8221;.vc_custom_1627244427868{padding-top: 25px !important;padding-right: 25px !important;padding-bottom: 25px !important;padding-left: 25px !important;}&#8221;][vc_column_text] Nuestro formaciones de pesta\u00f1as M\u00e1ster &#8211; Volumen Russo Seria de dos dias intensivas de aprendizaje. Cada instructor tendr\u00e1 un m\u00e1ximo de 3 alumnos para garantizar una [&hellip;]<\/p>\n","protected":false},"author":1,"featured_media":0,"parent":15855,"menu_order":0,"comment_status":"closed","ping_status":"closed","template":"","meta":{"footnotes":""},"class_list":["post-15464","page","type-page","status-publish","hentry"],"_links":{"self":[{"href":"https:\/\/lashacademymarbella.com\/es\/wp-json\/wp\/v2\/pages\/15464","targetHints":{"allow":["GET"]}}],"collection":[{"href":"https:\/\/lashacademymarbella.com\/es\/wp-json\/wp\/v2\/pages"}],"about":[{"href":"https:\/\/lashacademymarbella.com\/es\/wp-json\/wp\/v2\/types\/page"}],"author":[{"embeddable":true,"href":"https:\/\/lashacademymarbella.com\/es\/wp-json\/wp\/v2\/users\/1"}],"replies":[{"embeddable":true,"href":"https:\/\/lashacademymarbella.com\/es\/wp-json\/wp\/v2\/comments?post=15464"}],"version-history":[{"count":7,"href":"https:\/\/lashacademymarbella.com\/es\/wp-json\/wp\/v2\/pages\/15464\/revisions"}],"predecessor-version":[{"id":15488,"href":"https:\/\/lashacademymarbella.com\/es\/wp-json\/wp\/v2\/pages\/15464\/revisions\/15488"}],"up":[{"embeddable":true,"href":"https:\/\/lashacademymarbella.com\/es\/wp-json\/wp\/v2\/pages\/15855"}],"wp:attachment":[{"href":"https:\/\/lashacademymarbella.com\/es\/wp-json\/wp\/v2\/media?parent=15464"}],"curies":[{"name":"wp","href":"https:\/\/api.w.org\/{rel}","templated":true}]}}