{"id":15855,"date":"2024-03-26T14:32:29","date_gmt":"2024-03-26T13:32:29","guid":{"rendered":"https:\/\/lashacademymarbella.com\/formaciones\/"},"modified":"2024-03-26T23:31:09","modified_gmt":"2024-03-26T22:31:09","slug":"formaciones","status":"publish","type":"page","link":"https:\/\/lashacademymarbella.com\/es\/formaciones\/","title":{"rendered":"Formaciones"},"content":{"rendered":"<div class=\"wpb-content-wrapper\"><p>[vc_section][vc_row rtl_reverse=&#8221;yes&#8221;][vc_column width=&#8221;1\/3&#8243; css=&#8221;.vc_custom_1627244422924{padding-top: 25px !important;padding-right: 25px !important;padding-bottom: 25px !important;padding-left: 25px !important;}&#8221;][vc_images_carousel images=&#8221;15430,15432,15428,15431&#8243; img_size=&#8221;full&#8221; autoplay=&#8221;yes&#8221; wrap=&#8221;yes&#8221;][\/vc_column][vc_column width=&#8221;2\/3&#8243; css=&#8221;.vc_custom_1627244427868{padding-top: 25px !important;padding-right: 25px !important;padding-bottom: 25px !important;padding-left: 25px !important;}&#8221;][vc_column_text]<\/p>\n<h3>Nuestro formaciones de pesta\u00f1as cl\u00e1sico para principiantes<\/h3>\n<p>Constar\u00e1 de dos d\u00edas de aprendizaje intensivo. Cada instructor tendr\u00e1 un m\u00e1ximo de 3 alumnos para garantizar una formaci\u00f3n personalizada de alta calidad. Una vez finalizado, los estudiantes tambi\u00e9n tendr\u00e1n la oportunidad continua de ponerse en contacto con Lash Academy Marbella para obtener orientaci\u00f3n adicional una vez que se haya completado el curso LAM. Este curso le brindar\u00e1 el conocimiento profundo y los fundamentos de la aplicaci\u00f3n de Classic Lash Extensions 1:1.[\/vc_column_text]<div class=\"ts-button-wrapper \"><div class=\"ts-shortcode-custom-style hidden\">.ts-button-wrapper a.ts-button-1{background:#c6417d;border-color:#cccccc;border-width:0px ;color:#ffffff;}.ts-button-wrapper a.ts-button-1:hover{background:#000000;border-color:#000000;color:#ffffff;}<\/div><a href=\"https:\/\/lashacademymarbella.com\/lash-training\/classic-training\/\" target=\"_self\" class=\"ts-button ts-button-1 square small  \">More info<\/a><\/div>[\/vc_column][\/vc_row][vc_row rtl_reverse=&#8221;yes&#8221;][vc_column width=&#8221;1\/3&#8243; css=&#8221;.vc_custom_1627244422924{padding-top: 25px !important;padding-right: 25px !important;padding-bottom: 25px !important;padding-left: 25px !important;}&#8221;][vc_single_image image=&#8221;15429&#8243; img_size=&#8221;full&#8221; alignment=&#8221;center&#8221;][\/vc_column][vc_column width=&#8221;2\/3&#8243; css=&#8221;.vc_custom_1627244427868{padding-top: 25px !important;padding-right: 25px !important;padding-bottom: 25px !important;padding-left: 25px !important;}&#8221;][vc_column_text]<\/p>\n<h3>Nuestro formaciones de pesta\u00f1as M\u00e1ster \u2013 Volumen Russo<\/h3>\n<p>Seria de dos dias intensivas de aprendizaje. Cada instructor tendr\u00e1 un m\u00e1ximo de 3 alumnos para garantizar una formaci\u00f3n personalizada de alta calidad. Despu\u00e9s de la finalizaci\u00f3n, los estudiantes tambi\u00e9n tendr\u00e1n la oportunidad de ponerse en contacto con Lash Academy Marbella para obtener orientaci\u00f3n adicional una vez que se haya completado el curso LAM. Este curso le brindar\u00e1 un conocimiento profundo y los fundamentos de la aplicaci\u00f3n de volumen Russo \u2013 Hibrid y Mega volumen.[\/vc_column_text]<div class=\"ts-button-wrapper \"><div class=\"ts-shortcode-custom-style hidden\">.ts-button-wrapper a.ts-button-2{background:#c6417d;border-color:#cccccc;border-width:0px ;color:#ffffff;}.ts-button-wrapper a.ts-button-2:hover{background:#000000;border-color:#000000;color:#ffffff;}<\/div><a href=\"https:\/\/lashacademymarbella.com\/lash-training\/master-russian-volume\/\" target=\"_self\" class=\"ts-button ts-button-2 square small  \">More info<\/a><\/div>[\/vc_column][\/vc_row][\/vc_section]<\/p>\n<\/div>","protected":false},"excerpt":{"rendered":"<p>[vc_section][vc_row rtl_reverse=&#8221;yes&#8221;][vc_column width=&#8221;1\/3&#8243; css=&#8221;.vc_custom_1627244422924{padding-top: 25px !important;padding-right: 25px !important;padding-bottom: 25px !important;padding-left: 25px !important;}&#8221;][vc_images_carousel images=&#8221;15430,15432,15428,15431&#8243; img_size=&#8221;full&#8221; autoplay=&#8221;yes&#8221; wrap=&#8221;yes&#8221;][\/vc_column][vc_column width=&#8221;2\/3&#8243; css=&#8221;.vc_custom_1627244427868{padding-top: 25px !important;padding-right: 25px !important;padding-bottom: 25px !important;padding-left: 25px !important;}&#8221;][vc_column_text] Nuestro formaciones de pesta\u00f1as cl\u00e1sico para principiantes Constar\u00e1 de dos d\u00edas de aprendizaje intensivo. Cada instructor tendr\u00e1 un m\u00e1ximo de 3 alumnos para garantizar una formaci\u00f3n personalizada de alta [&hellip;]<\/p>\n","protected":false},"author":1,"featured_media":0,"parent":0,"menu_order":4,"comment_status":"closed","ping_status":"closed","template":"","meta":{"footnotes":""},"class_list":["post-15855","page","type-page","status-publish","hentry"],"_links":{"self":[{"href":"https:\/\/lashacademymarbella.com\/es\/wp-json\/wp\/v2\/pages\/15855","targetHints":{"allow":["GET"]}}],"collection":[{"href":"https:\/\/lashacademymarbella.com\/es\/wp-json\/wp\/v2\/pages"}],"about":[{"href":"https:\/\/lashacademymarbella.com\/es\/wp-json\/wp\/v2\/types\/page"}],"author":[{"embeddable":true,"href":"https:\/\/lashacademymarbella.com\/es\/wp-json\/wp\/v2\/users\/1"}],"replies":[{"embeddable":true,"href":"https:\/\/lashacademymarbella.com\/es\/wp-json\/wp\/v2\/comments?post=15855"}],"version-history":[{"count":8,"href":"https:\/\/lashacademymarbella.com\/es\/wp-json\/wp\/v2\/pages\/15855\/revisions"}],"predecessor-version":[{"id":15869,"href":"https:\/\/lashacademymarbella.com\/es\/wp-json\/wp\/v2\/pages\/15855\/revisions\/15869"}],"wp:attachment":[{"href":"https:\/\/lashacademymarbella.com\/es\/wp-json\/wp\/v2\/media?parent=15855"}],"curies":[{"name":"wp","href":"https:\/\/api.w.org\/{rel}","templated":true}]}}