{"id":15877,"date":"2024-03-26T14:06:36","date_gmt":"2024-03-26T13:06:36","guid":{"rendered":"https:\/\/lashacademymarbella.com\/beauty-studio\/tratamientos-faciales\/"},"modified":"2024-03-26T23:51:49","modified_gmt":"2024-03-26T22:51:49","slug":"tratamientos-faciales","status":"publish","type":"page","link":"https:\/\/lashacademymarbella.com\/es\/beauty-studio\/tratamientos-faciales\/","title":{"rendered":"Tratamientos faciales"},"content":{"rendered":"<div class=\"wpb-content-wrapper\"><p>[vc_section][vc_row rtl_reverse=&#8221;yes&#8221;][vc_column width=&#8221;1\/3&#8243; css=&#8221;.vc_custom_1627244422924{padding-top: 25px !important;padding-right: 25px !important;padding-bottom: 25px !important;padding-left: 25px !important;}&#8221;][vc_single_image image=&#8221;15437&#8243; img_size=&#8221;full&#8221; alignment=&#8221;center&#8221;][\/vc_column][vc_column width=&#8221;2\/3&#8243; css=&#8221;.vc_custom_1627244427868{padding-top: 25px !important;padding-right: 25px !important;padding-bottom: 25px !important;padding-left: 25px !important;}&#8221;][vc_column_text]<\/p>\n<h3>Limpieza facial profunda<\/h3>\n<p>La limpieza facial profunda es un tratamiento exhaustivo para el cuidado de la piel que limpia y rejuvenece la piel en profundidad. Implica vaporizaci\u00f3n, exfoliaci\u00f3n, extracciones para eliminar impurezas, mascarilla calmante y crema hidratante. Este proceso ayuda a destapar los poros, eliminar las c\u00e9lulas muertas de la piel y promover un cutis m\u00e1s claro y saludable.  <\/p>\n<h3>Estiramiento facial Kobido<\/h3>\n<p>El masaje de estiramiento facial Kobido es una t\u00e9cnica tradicional japonesa que levanta y rejuvenece suavemente el rostro. Mediante movimientos r\u00edtmicos y acupresi\u00f3n, estimula la circulaci\u00f3n sangu\u00ednea, drena los l\u00edquidos linf\u00e1ticos y libera la tensi\u00f3n muscular. Este enfoque hol\u00edstico tiene como objetivo mejorar el tono de la piel, reducir la hinchaz\u00f3n y suavizar las l\u00edneas finas, promoviendo un cutis joven y radiante.  <\/p>\n<h3>Radiofrecuencia<\/h3>\n<p>La radiofrecuencia facial utiliza energ\u00eda controlada para calentar la piel, estimulando la producci\u00f3n de col\u00e1geno y tensando los tejidos. Reduce las arrugas, mejora la elasticidad de la piel y promueve una apariencia juvenil sin cirug\u00eda. <\/p>\n<h3>Mesoterapia con microagujas<\/h3>\n<p>La mesoterapia con microagujas combina peque\u00f1as agujas para crear microlesiones en la piel y al mismo tiempo proporciona nutrientes beneficiosos. Esto estimula la producci\u00f3n de col\u00e1geno, mejorando la textura, firmeza y elasticidad de la piel. El tratamiento aborda diversos problemas de la piel, como l\u00edneas finas, cicatrices y pigmentaci\u00f3n, dejando la piel rejuvenecida y revitalizada.[\/vc_column_text][\/vc_column][\/vc_row][\/vc_section]<\/p>\n<\/div>","protected":false},"excerpt":{"rendered":"<p>[vc_section][vc_row rtl_reverse=&#8221;yes&#8221;][vc_column width=&#8221;1\/3&#8243; css=&#8221;.vc_custom_1627244422924{padding-top: 25px !important;padding-right: 25px !important;padding-bottom: 25px !important;padding-left: 25px !important;}&#8221;][vc_single_image image=&#8221;15437&#8243; img_size=&#8221;full&#8221; alignment=&#8221;center&#8221;][\/vc_column][vc_column width=&#8221;2\/3&#8243; css=&#8221;.vc_custom_1627244427868{padding-top: 25px !important;padding-right: 25px !important;padding-bottom: 25px !important;padding-left: 25px !important;}&#8221;][vc_column_text] Limpieza facial profunda La limpieza facial profunda es un tratamiento exhaustivo para el cuidado de la piel que limpia y rejuvenece la piel en profundidad. Implica vaporizaci\u00f3n, exfoliaci\u00f3n, extracciones para [&hellip;]<\/p>\n","protected":false},"author":1,"featured_media":0,"parent":15509,"menu_order":0,"comment_status":"closed","ping_status":"closed","template":"","meta":{"footnotes":""},"class_list":["post-15877","page","type-page","status-publish","hentry"],"_links":{"self":[{"href":"https:\/\/lashacademymarbella.com\/es\/wp-json\/wp\/v2\/pages\/15877","targetHints":{"allow":["GET"]}}],"collection":[{"href":"https:\/\/lashacademymarbella.com\/es\/wp-json\/wp\/v2\/pages"}],"about":[{"href":"https:\/\/lashacademymarbella.com\/es\/wp-json\/wp\/v2\/types\/page"}],"author":[{"embeddable":true,"href":"https:\/\/lashacademymarbella.com\/es\/wp-json\/wp\/v2\/users\/1"}],"replies":[{"embeddable":true,"href":"https:\/\/lashacademymarbella.com\/es\/wp-json\/wp\/v2\/comments?post=15877"}],"version-history":[{"count":3,"href":"https:\/\/lashacademymarbella.com\/es\/wp-json\/wp\/v2\/pages\/15877\/revisions"}],"predecessor-version":[{"id":15880,"href":"https:\/\/lashacademymarbella.com\/es\/wp-json\/wp\/v2\/pages\/15877\/revisions\/15880"}],"up":[{"embeddable":true,"href":"https:\/\/lashacademymarbella.com\/es\/wp-json\/wp\/v2\/pages\/15509"}],"wp:attachment":[{"href":"https:\/\/lashacademymarbella.com\/es\/wp-json\/wp\/v2\/media?parent=15877"}],"curies":[{"name":"wp","href":"https:\/\/api.w.org\/{rel}","templated":true}]}}