{"id":15881,"date":"2024-03-26T14:11:05","date_gmt":"2024-03-26T13:11:05","guid":{"rendered":"https:\/\/lashacademymarbella.com\/beauty-studio\/manos-y-pies\/"},"modified":"2024-03-27T00:25:25","modified_gmt":"2024-03-26T23:25:25","slug":"manos-y-pies","status":"publish","type":"page","link":"https:\/\/lashacademymarbella.com\/es\/beauty-studio\/manos-y-pies\/","title":{"rendered":"Manos y pies"},"content":{"rendered":"<div class=\"wpb-content-wrapper\"><p>[vc_section][vc_row rtl_reverse=&#8221;yes&#8221;][vc_column width=&#8221;1\/3&#8243; css=&#8221;.vc_custom_1627244422924{padding-top: 25px !important;padding-right: 25px !important;padding-bottom: 25px !important;padding-left: 25px !important;}&#8221;][vc_single_image image=&#8221;15580&#8243; img_size=&#8221;full&#8221; alignment=&#8221;center&#8221;][vc_empty_space height=&#8221;25px&#8221;][vc_single_image image=&#8221;15582&#8243; img_size=&#8221;full&#8221; alignment=&#8221;center&#8221;][\/vc_column][vc_column width=&#8221;2\/3&#8243; css=&#8221;.vc_custom_1627244427868{padding-top: 25px !important;padding-right: 25px !important;padding-bottom: 25px !important;padding-left: 25px !important;}&#8221;][vc_column_text]<\/p>\n<h3>Manicura<\/h3>\n<p>Una manicura es un tratamiento de belleza enfocado a mejorar el aspecto de las manos y u\u00f1as. Implica dar forma y recortar las u\u00f1as, cuidar las cut\u00edculas, hidratar las manos. El objetivo es promover unas u\u00f1as sanas y bien cuidadas y unas manos suaves y tersas.  <\/p>\n<h4>Con esmalte<\/h4>\n<p>Una manicura es un tratamiento de belleza enfocado a mejorar el aspecto de las manos y u\u00f1as. Implica dar forma y recortar las u\u00f1as, cuidar las cut\u00edculas, hidratar las manos y aplicar esmalte de u\u00f1as si se desea. El objetivo es promover unas u\u00f1as sanas y bien cuidadas y unas manos suaves y tersas.  <\/p>\n<h4>Manicura con gel lack<\/h4>\n<p>Una manicura en gel implica dar forma y recortar las u\u00f1as, cuidar las cut\u00edculas, hidratar las manos y aplicar un esmalte en gel especial en las u\u00f1as, que se cura con luz UV o LED para endurecer y fijar. Este tipo de manicura ofrece color y brillo duraderos, que suelen durar hasta dos semanas sin astillas. El esmalte en gel es duradero y resistente, lo que proporciona un acabado brillante que permanece sin astillas durante un per\u00edodo prolongado en comparaci\u00f3n con el esmalte de u\u00f1as tradicional.  <\/p>\n<h3>Retoce de extension de u\u00f1as<\/h3>\n<p>Un recambio de extensi\u00f3n de u\u00f1as es un procedimiento de mantenimiento para mejorar las u\u00f1as artificiales. Implica rellenar el espacio entre la u\u00f1a natural y la extensi\u00f3n de gel o acr\u00edlico existente a medida que la u\u00f1a natural crece. Durante el recambio, el t\u00e9cnico elimina cualquier exceso de producto, pule la superficie y aplica acr\u00edlico o gel nuevo para mezclar perfectamente la extensi\u00f3n con la u\u00f1a natural. Este proceso ayuda a mantener la apariencia y la longevidad de las extensiones de u\u00f1as, asegurando que sigan siendo fuertes, duraderas y est\u00e9ticamente agradables.   <\/p>\n<h3>Eliminaci\u00f3n<\/h3>\n<p>La eliminaci\u00f3n de extensiones de u\u00f1as es el proceso de eliminar de forma segura y suave de u\u00f1as artificiales, como extensiones de acr\u00edlico o gel, de las u\u00f1as naturales. Consiste en remojar las u\u00f1as en acetona para disolver la uni\u00f3n adhesiva entre la extensi\u00f3n y el lecho ungueal natural. Una vez que la uni\u00f3n se ablanda, el t\u00e9cnico raspa suavemente el producto ablandado, teniendo cuidado de no da\u00f1ar la u\u00f1a natural. Despu\u00e9s de la extracci\u00f3n, las u\u00f1as naturales generalmente se pulen e hidratan para restaurar su salud y apariencia.   <\/p>\n<h3>Pedicura spa<\/h3>\n<p>Un spa de pedicura es un tratamiento relajante que se centra en cuidar y mimar los pies y las u\u00f1as de los pies. Por lo general, implica remojar los pies en agua tibia con sales o aceites esenciales para suavizar la piel y relajar los m\u00fasculos. Luego, el t\u00e9cnico recorta y da forma a las u\u00f1as de los pies, elimina los callos y la piel muerta, masajea los pies y la parte inferior de las piernas y aplica crema hidratante. La experiencia del spa de pedicura ofrece beneficios est\u00e9ticos y terap\u00e9uticos, dejando los pies frescos, rejuvenecidos y bellamente cuidados.   <\/p>\n<h4>Pedicura spa con esmalte de u\u00f1as<\/h4>\n<p>Un spa de pedicura es un tratamiento relajante que se centra en cuidar y mimar los pies y las u\u00f1as de los pies. Por lo general, implica remojar los pies en agua tibia con sales o aceites esenciales para suavizar la piel y relajar los m\u00fasculos. Luego, el t\u00e9cnico recorta y da forma a las u\u00f1as de los pies, elimina los callos y la piel muerta, masajea los pies y la parte inferior de las piernas y aplica crema hidratante y esmalte de u\u00f1as si lo desea. La experiencia del spa de pedicura ofrece beneficios est\u00e9ticos y terap\u00e9uticos, dejando los pies frescos, rejuvenecidos y bellamente cuidados.   <\/p>\n<h4>Pedicura spa con esmalte permanente<\/h4>\n<p>Un spa de pedicura es un tratamiento relajante que se centra en cuidar y mimar los pies y las u\u00f1as de los pies. Por lo general, consiste en remojar los pies en agua tibia con sales o aceites esenciales para suavizar la piel y relajar los m\u00fasculos. Luego, el t\u00e9cnico recorta y da forma a las u\u00f1as de los pies, cuida las cut\u00edculas, aplica un esmalte en gel especial a las u\u00f1as de los pies, que se cura bajo luz UV o LED para endurecerse y fijarse, elimina los callos y la piel muerta, masajea los pies y la parte inferior de las piernas, y aplica crema hidratante y esmalte de u\u00f1as si lo desea. La experiencia del spa de pedicura ofrece beneficios est\u00e9ticos y terap\u00e9uticos, dejando los pies frescos, rejuvenecidos y bellamente cuidados.   <\/p>\n<h3>Cambio de color<\/h3>\n<p>El cambio de color de las u\u00f1as implica quitar el esmalte de permanente existente mediante un proceso de limado suave o remojando las u\u00f1as en acetona. Una vez que se retira el esmalte viejo, se aplica un nuevo color o dise\u00f1o en gel a las u\u00f1as, que luego se cura bajo luz UV o LED para fijar y endurecer. Este proceso da como resultado un aspecto fresco y actualizado de las u\u00f1as, ofreciendo color y brillo duraderos.[\/vc_column_text][\/vc_column][\/vc_row][\/vc_section]<\/p>\n<\/div>","protected":false},"excerpt":{"rendered":"<p>[vc_section][vc_row rtl_reverse=&#8221;yes&#8221;][vc_column width=&#8221;1\/3&#8243; css=&#8221;.vc_custom_1627244422924{padding-top: 25px !important;padding-right: 25px !important;padding-bottom: 25px !important;padding-left: 25px !important;}&#8221;][vc_single_image image=&#8221;15580&#8243; img_size=&#8221;full&#8221; alignment=&#8221;center&#8221;][vc_empty_space height=&#8221;25px&#8221;][vc_single_image image=&#8221;15582&#8243; img_size=&#8221;full&#8221; alignment=&#8221;center&#8221;][\/vc_column][vc_column width=&#8221;2\/3&#8243; css=&#8221;.vc_custom_1627244427868{padding-top: 25px !important;padding-right: 25px !important;padding-bottom: 25px !important;padding-left: 25px !important;}&#8221;][vc_column_text] Manicura Una manicura es un tratamiento de belleza enfocado a mejorar el aspecto de las manos y u\u00f1as. Implica dar forma y recortar las u\u00f1as, cuidar [&hellip;]<\/p>\n","protected":false},"author":1,"featured_media":0,"parent":15509,"menu_order":0,"comment_status":"closed","ping_status":"closed","template":"","meta":{"footnotes":""},"class_list":["post-15881","page","type-page","status-publish","hentry"],"_links":{"self":[{"href":"https:\/\/lashacademymarbella.com\/es\/wp-json\/wp\/v2\/pages\/15881","targetHints":{"allow":["GET"]}}],"collection":[{"href":"https:\/\/lashacademymarbella.com\/es\/wp-json\/wp\/v2\/pages"}],"about":[{"href":"https:\/\/lashacademymarbella.com\/es\/wp-json\/wp\/v2\/types\/page"}],"author":[{"embeddable":true,"href":"https:\/\/lashacademymarbella.com\/es\/wp-json\/wp\/v2\/users\/1"}],"replies":[{"embeddable":true,"href":"https:\/\/lashacademymarbella.com\/es\/wp-json\/wp\/v2\/comments?post=15881"}],"version-history":[{"count":3,"href":"https:\/\/lashacademymarbella.com\/es\/wp-json\/wp\/v2\/pages\/15881\/revisions"}],"predecessor-version":[{"id":15884,"href":"https:\/\/lashacademymarbella.com\/es\/wp-json\/wp\/v2\/pages\/15881\/revisions\/15884"}],"up":[{"embeddable":true,"href":"https:\/\/lashacademymarbella.com\/es\/wp-json\/wp\/v2\/pages\/15509"}],"wp:attachment":[{"href":"https:\/\/lashacademymarbella.com\/es\/wp-json\/wp\/v2\/media?parent=15881"}],"curies":[{"name":"wp","href":"https:\/\/api.w.org\/{rel}","templated":true}]}}