{"id":15885,"date":"2024-03-26T14:15:11","date_gmt":"2024-03-26T13:15:11","guid":{"rendered":"https:\/\/lashacademymarbella.com\/beauty-studio\/depilacion\/"},"modified":"2024-03-27T00:30:05","modified_gmt":"2024-03-26T23:30:05","slug":"depilacion","status":"publish","type":"page","link":"https:\/\/lashacademymarbella.com\/es\/beauty-studio\/depilacion\/","title":{"rendered":"Depilaci\u00f3n"},"content":{"rendered":"<div class=\"wpb-content-wrapper\"><p>[vc_section][vc_row rtl_reverse=&#8221;yes&#8221;][vc_column width=&#8221;1\/3&#8243; css=&#8221;.vc_custom_1627244422924{padding-top: 25px !important;padding-right: 25px !important;padding-bottom: 25px !important;padding-left: 25px !important;}&#8221;][vc_single_image image=&#8221;15438&#8243; img_size=&#8221;full&#8221; alignment=&#8221;center&#8221;][\/vc_column][vc_column width=&#8221;2\/3&#8243; css=&#8221;.vc_custom_1627244427868{padding-top: 25px !important;padding-right: 25px !important;padding-bottom: 25px !important;padding-left: 25px !important;}&#8221;][vc_column_text]<\/p>\n<h3>Las axilas<\/h3>\n<p>La depilaci\u00f3n con cera de las axilas es un m\u00e9todo de depilaci\u00f3n en el que se aplica cera tibia en el \u00e1rea de las axilas y luego se retira r\u00e1pidamente, eliminando el vello no deseado desde la ra\u00edz. Elimina eficazmente el vello para obtener un resultado m\u00e1s suave y duradero en comparaci\u00f3n con el afeitado. La depilaci\u00f3n con cera de las axilas puede ser r\u00e1pida y relativamente indolora, dejando la piel suave y sin vello durante varias semanas.  <\/p>\n<h3>Brazos<\/h3>\n<p>La depilaci\u00f3n de brazos consiste en aplicar una tira y cera sobre la piel de los brazos y retirarla r\u00e1pidamente para eliminar el vello no deseado desde la ra\u00edz. Este m\u00e9todo proporciona una piel m\u00e1s suave y resultados m\u00e1s duraderos en comparaci\u00f3n con el afeitado. Depilarse los brazos con cera es eficaz y puede mantener la piel libre de vello durante semanas seguidas.  <\/p>\n<h3>Piernas completas<\/h3>\n<p>La depilaci\u00f3n con cera de piernas completas es un procedimiento de depilaci\u00f3n que consiste en aplicar cera tibia en toda el \u00e1rea de las piernas, incluidos los muslos, las rodillas y las pantorrillas. Despu\u00e9s de aplicar la cera, se presiona un pa\u00f1o o una tira de papel sobre la cera y se retira r\u00e1pidamente en la direcci\u00f3n opuesta al crecimiento del vello, eliminando el vello desde la ra\u00edz. Este proceso se repite hasta que todas las \u00e1reas deseadas est\u00e9n libres de vello. La depilaci\u00f3n con cera para piernas completas da como resultado una piel suave y una depilaci\u00f3n m\u00e1s duradera en comparaci\u00f3n con el afeitado. Es un m\u00e9todo popular para lograr piernas suaves y sin vello durante varias semanas seguidas.    <\/p>\n<h3>Media pierna<\/h3>\n<p>La depilaci\u00f3n con cera implica eliminar el vello de la parte superior o inferior de las piernas, generalmente desde la rodilla hasta el tobillo o desde la rodilla hasta el muslo. Se aplica cera tibia en el \u00e1rea designada, se presiona un pa\u00f1o o una tira de papel sobre la cera y luego se retira r\u00e1pidamente, eliminando el vello de ra\u00edz. Este proceso da como resultado una piel suave y una depilaci\u00f3n m\u00e1s duradera en comparaci\u00f3n con el afeitado. Depilarse medias piernas con cera es una opci\u00f3n conveniente para quienes buscan piernas sin vello sin tratar toda el \u00e1rea de las piernas.   <\/p>\n<h3>Hollywood wax<\/h3>\n<p>La depilaci\u00f3n Hollywood es un procedimiento de depilaci\u00f3n que consiste en la eliminaci\u00f3n completa del vello p\u00fabico de la zona genital, incluidos los labios y las nalgas. Por lo general, utiliza cera caliente, que se aplica en toda la regi\u00f3n p\u00fabica y luego se retira r\u00e1pidamente, dejando la piel suave y sin vello. La depilaci\u00f3n con cera Hollywood proporciona una apariencia limpia y pulida y es una opci\u00f3n popular para quienes buscan un \u00e1rea p\u00fabica completamente libre de vello.  <\/p>\n<h3>Labio superior<\/h3>\n<p>La depilaci\u00f3n con cera del labio superior es un m\u00e9todo de depilaci\u00f3n que consiste en aplicar cera tibia en el \u00e1rea situada encima del labio superior y eliminarlo r\u00e1pidamente, junto con el vello no deseado, desde la ra\u00edz. Este proceso da como resultado una piel suave y elimina el vello facial fino, brindando una apariencia limpia y pulida a la regi\u00f3n del labio superior. <\/p>\n<h3>Chin<\/h3>\n<p>La depilaci\u00f3n con cera del ment\u00f3n es una t\u00e9cnica de depilaci\u00f3n en la que se aplica cera tibia en el \u00e1rea del ment\u00f3n y se retira r\u00e1pidamente, eliminando el vello no deseado desde la ra\u00edz. Este proceso da como resultado una piel suave y ayuda a eliminar el vello fino o \u00e1spero del ment\u00f3n, brindando una apariencia limpia y pulida.[\/vc_column_text][\/vc_column][\/vc_row][\/vc_section]<\/p>\n<\/div>","protected":false},"excerpt":{"rendered":"<p>[vc_section][vc_row rtl_reverse=&#8221;yes&#8221;][vc_column width=&#8221;1\/3&#8243; css=&#8221;.vc_custom_1627244422924{padding-top: 25px !important;padding-right: 25px !important;padding-bottom: 25px !important;padding-left: 25px !important;}&#8221;][vc_single_image image=&#8221;15438&#8243; img_size=&#8221;full&#8221; alignment=&#8221;center&#8221;][\/vc_column][vc_column width=&#8221;2\/3&#8243; css=&#8221;.vc_custom_1627244427868{padding-top: 25px !important;padding-right: 25px !important;padding-bottom: 25px !important;padding-left: 25px !important;}&#8221;][vc_column_text] Las axilas La depilaci\u00f3n con cera de las axilas es un m\u00e9todo de depilaci\u00f3n en el que se aplica cera tibia en el \u00e1rea de las axilas y luego se [&hellip;]<\/p>\n","protected":false},"author":1,"featured_media":0,"parent":15509,"menu_order":0,"comment_status":"closed","ping_status":"closed","template":"","meta":{"footnotes":""},"class_list":["post-15885","page","type-page","status-publish","hentry"],"_links":{"self":[{"href":"https:\/\/lashacademymarbella.com\/es\/wp-json\/wp\/v2\/pages\/15885","targetHints":{"allow":["GET"]}}],"collection":[{"href":"https:\/\/lashacademymarbella.com\/es\/wp-json\/wp\/v2\/pages"}],"about":[{"href":"https:\/\/lashacademymarbella.com\/es\/wp-json\/wp\/v2\/types\/page"}],"author":[{"embeddable":true,"href":"https:\/\/lashacademymarbella.com\/es\/wp-json\/wp\/v2\/users\/1"}],"replies":[{"embeddable":true,"href":"https:\/\/lashacademymarbella.com\/es\/wp-json\/wp\/v2\/comments?post=15885"}],"version-history":[{"count":3,"href":"https:\/\/lashacademymarbella.com\/es\/wp-json\/wp\/v2\/pages\/15885\/revisions"}],"predecessor-version":[{"id":15888,"href":"https:\/\/lashacademymarbella.com\/es\/wp-json\/wp\/v2\/pages\/15885\/revisions\/15888"}],"up":[{"embeddable":true,"href":"https:\/\/lashacademymarbella.com\/es\/wp-json\/wp\/v2\/pages\/15509"}],"wp:attachment":[{"href":"https:\/\/lashacademymarbella.com\/es\/wp-json\/wp\/v2\/media?parent=15885"}],"curies":[{"name":"wp","href":"https:\/\/api.w.org\/{rel}","templated":true}]}}