{"id":15889,"date":"2024-03-26T14:21:48","date_gmt":"2024-03-26T13:21:48","guid":{"rendered":"https:\/\/lashacademymarbella.com\/beauty-studio\/depilacion-laser\/"},"modified":"2024-03-27T00:34:09","modified_gmt":"2024-03-26T23:34:09","slug":"depilacion-laser","status":"publish","type":"page","link":"https:\/\/lashacademymarbella.com\/es\/beauty-studio\/depilacion-laser\/","title":{"rendered":"Depilaci\u00f3n l\u00e1ser"},"content":{"rendered":"<div class=\"wpb-content-wrapper\"><p>[vc_section][vc_row rtl_reverse=&#8221;yes&#8221;][vc_column width=&#8221;1\/3&#8243; css=&#8221;.vc_custom_1627244422924{padding-top: 25px !important;padding-right: 25px !important;padding-bottom: 25px !important;padding-left: 25px !important;}&#8221;][vc_single_image image=&#8221;15439&#8243; img_size=&#8221;full&#8221; alignment=&#8221;center&#8221;][\/vc_column][vc_column width=&#8221;2\/3&#8243; css=&#8221;.vc_custom_1627244427868{padding-top: 25px !important;padding-right: 25px !important;padding-bottom: 25px !important;padding-left: 25px !important;}&#8221;][vc_column_text]<\/p>\n<h3>Las axilas<\/h3>\n<p>La depilaci\u00f3n l\u00e1ser en las axilas utiliza luz concentrada para apuntar y destruir los fol\u00edculos pilosos, reduciendo y, a menudo, eliminando permanentemente el vello no deseado. Por lo general, se necesitan varias sesiones para obtener resultados \u00f3ptimos, lo que ofrece una soluci\u00f3n a largo plazo para unas axilas suaves y sin vello. <\/p>\n<h3>Brazos<\/h3>\n<p>La depilaci\u00f3n l\u00e1ser para brazos implica el uso de luz concentrada para apuntar y destruir los fol\u00edculos pilosos, reduciendo o eliminando permanentemente el vello no deseado en los brazos. Por lo general, se requieren varias sesiones para obtener resultados \u00f3ptimos, lo que proporciona una soluci\u00f3n a largo plazo para unos brazos suaves y sin vello. <\/p>\n<h3>Piernas completas<\/h3>\n<p>La depilaci\u00f3n l\u00e1ser para piernas completas apunta y destruye los fol\u00edculos pilosos utilizando luz concentrada, reduciendo o eliminando permanentemente el vello no deseado de las piernas. Por lo general, se necesitan varias sesiones para obtener resultados \u00f3ptimos, lo que ofrece una soluci\u00f3n a largo plazo para unas piernas suaves y sin vello. <\/p>\n<h3>Media pierna<\/h3>\n<p>La depilaci\u00f3n l\u00e1ser para medias piernas apunta y destruye los fol\u00edculos pilosos con luz concentrada, reduciendo o eliminando permanentemente el vello no deseado de la parte superior o inferior de las piernas. Por lo general, requiere varias sesiones para obtener resultados \u00f3ptimos y ofrece una soluci\u00f3n duradera para unas piernas suaves y sin vello. <\/p>\n<h3>Hollywood<\/h3>\n<p>La depilaci\u00f3n l\u00e1ser para el \u00e1rea de Hollywood implica el uso de luz concentrada para apuntar y destruir los fol\u00edculos pilosos en toda la regi\u00f3n p\u00fabica, incluida el \u00e1rea del bikini y las nalgas. Por lo general, se necesitan varias sesiones para obtener resultados \u00f3ptimos, lo que ofrece una soluci\u00f3n a largo plazo para una piel suave y sin vello en el \u00e1rea \u00edntima. <\/p>\n<h3>Labio superior<\/h3>\n<p>La depilaci\u00f3n l\u00e1ser para el labio superior apunta y destruye los fol\u00edculos pilosos utilizando luz concentrada, reduciendo o eliminando permanentemente el vello no deseado del \u00e1rea del labio superior. A menudo se requieren varias sesiones para obtener resultados \u00f3ptimos, lo que proporciona una soluci\u00f3n duradera para un labio superior sin vello. <\/p>\n<h3>Chin<\/h3>\n<p>La depilaci\u00f3n l\u00e1ser para el ment\u00f3n apunta y destruye los fol\u00edculos pilosos utilizando luz concentrada, reduciendo o eliminando permanentemente el vello no deseado del \u00e1rea del ment\u00f3n. Es posible que sean necesarias varias sesiones para obtener resultados \u00f3ptimos, lo que proporciona una soluci\u00f3n a largo plazo para un ment\u00f3n suave y sin vello. <\/p>\n<h3>Contraindicaciones<\/h3>\n<p>La depilaci\u00f3n l\u00e1ser puede no ser adecuada para mujeres embarazadas, personas con ciertas afecciones de la piel, quienes toman medicamentos fotosensibilizantes, exposici\u00f3n reciente al sol, antecedentes de queloides o cicatrices, tratamientos cut\u00e1neos recientes o desequilibrios hormonales como el s\u00edndrome de ovario poliqu\u00edstico. Consultar a un profesional de la salud es fundamental antes de someterse a un tratamiento.[\/vc_column_text][\/vc_column][\/vc_row][\/vc_section]<\/p>\n<\/div>","protected":false},"excerpt":{"rendered":"<p>[vc_section][vc_row rtl_reverse=&#8221;yes&#8221;][vc_column width=&#8221;1\/3&#8243; css=&#8221;.vc_custom_1627244422924{padding-top: 25px !important;padding-right: 25px !important;padding-bottom: 25px !important;padding-left: 25px !important;}&#8221;][vc_single_image image=&#8221;15439&#8243; img_size=&#8221;full&#8221; alignment=&#8221;center&#8221;][\/vc_column][vc_column width=&#8221;2\/3&#8243; css=&#8221;.vc_custom_1627244427868{padding-top: 25px !important;padding-right: 25px !important;padding-bottom: 25px !important;padding-left: 25px !important;}&#8221;][vc_column_text] Las axilas La depilaci\u00f3n l\u00e1ser en las axilas utiliza luz concentrada para apuntar y destruir los fol\u00edculos pilosos, reduciendo y, a menudo, eliminando permanentemente el vello no deseado. Por lo [&hellip;]<\/p>\n","protected":false},"author":1,"featured_media":0,"parent":15509,"menu_order":0,"comment_status":"closed","ping_status":"closed","template":"","meta":{"footnotes":""},"class_list":["post-15889","page","type-page","status-publish","hentry"],"_links":{"self":[{"href":"https:\/\/lashacademymarbella.com\/es\/wp-json\/wp\/v2\/pages\/15889","targetHints":{"allow":["GET"]}}],"collection":[{"href":"https:\/\/lashacademymarbella.com\/es\/wp-json\/wp\/v2\/pages"}],"about":[{"href":"https:\/\/lashacademymarbella.com\/es\/wp-json\/wp\/v2\/types\/page"}],"author":[{"embeddable":true,"href":"https:\/\/lashacademymarbella.com\/es\/wp-json\/wp\/v2\/users\/1"}],"replies":[{"embeddable":true,"href":"https:\/\/lashacademymarbella.com\/es\/wp-json\/wp\/v2\/comments?post=15889"}],"version-history":[{"count":3,"href":"https:\/\/lashacademymarbella.com\/es\/wp-json\/wp\/v2\/pages\/15889\/revisions"}],"predecessor-version":[{"id":15892,"href":"https:\/\/lashacademymarbella.com\/es\/wp-json\/wp\/v2\/pages\/15889\/revisions\/15892"}],"up":[{"embeddable":true,"href":"https:\/\/lashacademymarbella.com\/es\/wp-json\/wp\/v2\/pages\/15509"}],"wp:attachment":[{"href":"https:\/\/lashacademymarbella.com\/es\/wp-json\/wp\/v2\/media?parent=15889"}],"curies":[{"name":"wp","href":"https:\/\/api.w.org\/{rel}","templated":true}]}}