{"id":15893,"date":"2024-03-26T14:25:16","date_gmt":"2024-03-26T13:25:16","guid":{"rendered":"https:\/\/lashacademymarbella.com\/beauty-studio\/tratamientos-corporales\/"},"modified":"2024-03-27T00:43:01","modified_gmt":"2024-03-26T23:43:01","slug":"tratamientos-corporales","status":"publish","type":"page","link":"https:\/\/lashacademymarbella.com\/es\/beauty-studio\/tratamientos-corporales\/","title":{"rendered":"Tratamientos corporales"},"content":{"rendered":"<div class=\"wpb-content-wrapper\"><p>[vc_section][vc_row rtl_reverse=&#8221;yes&#8221;][vc_column width=&#8221;1\/3&#8243; css=&#8221;.vc_custom_1627244422924{padding-top: 25px !important;padding-right: 25px !important;padding-bottom: 25px !important;padding-left: 25px !important;}&#8221;][vc_single_image image=&#8221;15609&#8243; img_size=&#8221;full&#8221; alignment=&#8221;center&#8221;][\/vc_column][vc_column width=&#8221;2\/3&#8243; css=&#8221;.vc_custom_1627244427868{padding-top: 25px !important;padding-right: 25px !important;padding-bottom: 25px !important;padding-left: 25px !important;}&#8221;][vc_column_text]<\/p>\n<h3>Masaje corporal<\/h3>\n<p>Un masaje de espalda implica la manipulaci\u00f3n de los m\u00fasculos y tejidos de la espalda para aliviar la tensi\u00f3n, promover la relajaci\u00f3n y aliviar las molestias. Utilizando diversas t\u00e9cnicas, como amasar, acariciar y aplicar presi\u00f3n, un masajista se enfoca en \u00e1reas espec\u00edficas de la espalda para liberar la tensi\u00f3n, mejorar la circulaci\u00f3n y reducir la rigidez muscular. Los masajes de espalda pueden ayudar a aliviar el dolor de espalda, reducir el estr\u00e9s y promover el bienestar general, dejando al receptor sinti\u00e9ndose relajado y revitalizado.  <\/p>\n<h3>Masaje de espalda<\/h3>\n<p>A back massage involves the manipulation of muscles and tissues on the back to alleviate tension, promote relaxation, and relieve discomfort. Using various techniques such as kneading, stroking, and applying pressure, a massage therapist targets specific areas of the back to release tightness, improve circulation, and reduce muscle stiffness. Back massages can help alleviate back pain, reduce stress, and promote overall well-being, leaving the recipient feeling relaxed and revitalized.  <\/p>\n<h3>Masaje relajante<\/h3>\n<p>Un masaje relajante de cuerpo completo implica la manipulaci\u00f3n suave de m\u00fasculos y tejidos de todo el cuerpo para promover la relajaci\u00f3n, reducir la tensi\u00f3n y mejorar el bienestar general. Utilizando t\u00e9cnicas como amasar, acariciar y aplicar una presi\u00f3n suave, un terapeuta de masaje capacitado se enfoca en varios grupos de m\u00fasculos para liberar la tensi\u00f3n y mejorar la circulaci\u00f3n. Este tipo de masaje ayuda a aliviar el estr\u00e9s, promover la relajaci\u00f3n y rejuvenecer el cuerpo y la mente, dejando al receptor con una sensaci\u00f3n de calma, frescura y revitalizaci\u00f3n.  <\/p>\n<h3>Masaje de tejido profundo<\/h3>\n<p>Un masaje de tejido profundo de cuerpo completo implica aplicar una presi\u00f3n firme y movimientos lentos para alcanzar capas m\u00e1s profundas de m\u00fasculos y fascias, con el objetivo de aliviar la tensi\u00f3n cr\u00f3nica y la rigidez muscular. Este tipo de masaje se centra en \u00e1reas problem\u00e1ticas espec\u00edficas para aliviar la tensi\u00f3n, mejorar el rango de movimiento y promover la relajaci\u00f3n. El masaje de tejido profundo puede ayudar a reducir el dolor, aumentar la flexibilidad y liberar nudos o adherencias en los m\u00fasculos, dejando al receptor sinti\u00e9ndose rejuvenecido y con una mejor movilidad y bienestar general.  <\/p>\n<h3>Masaje anticelul\u00edtico<\/h3>\n<p>El masaje anticelul\u00edtico es una t\u00e9cnica destinada a reducir la apariencia de la celulitis apuntando a las \u00e1reas afectadas con t\u00e9cnicas de masaje especializadas. Implica amasar, rodar y aspirar vigorosamente para estimular la circulaci\u00f3n, descomponer los dep\u00f3sitos de grasa y mejorar la textura de la piel. El masaje contra la celulitis puede ayudar a suavizar y reafirmar la piel, reduciendo temporalmente la apariencia de hoyuelos asociada con la celulitis. Sin embargo, es importante tener en cuenta que los resultados pueden variar y que es posible que se necesiten varias sesiones para obtener mejoras notables.   <\/p>\n<h3>Masaje de maderoterapia<\/h3>\n<p>El masaje de maderoterapia implica el uso de herramientas de madera especialmente dise\u00f1adas para manipular y esculpir el cuerpo, con el objetivo de reducir la celulitis, contornear el cuerpo y promover la relajaci\u00f3n.<\/p>\n<h3>Cavitaci\u00f3n con radiofrecuencia<\/h3>\n<p>El tratamiento corporal de cavitaci\u00f3n con radiofrecuencia es un procedimiento cosm\u00e9tico no invasivo que combina cavitaci\u00f3n por ultrasonido y energ\u00eda de radiofrecuencia para apuntar y reducir los dep\u00f3sitos de grasa rebeldes y tensar la piel. La cavitaci\u00f3n por ultrasonido utiliza ondas sonoras de baja frecuencia para descomponer las c\u00e9lulas grasas, mientras que la energ\u00eda de radiofrecuencia calienta las capas m\u00e1s profundas de la piel, estimulando la producci\u00f3n de col\u00e1geno y promoviendo el estiramiento de la piel. Este tratamiento combinado ayuda a contornear el cuerpo, reducir la apariencia de la celulitis y mejorar la textura y firmeza de la piel, lo que da como resultado una apariencia m\u00e1s tonificada y esculpida.  <\/p>\n<h3>Contraindicaciones<\/h3>\n<p>Las contraindicaciones del masaje incluyen fiebre, lesiones agudas, afecciones de la piel, cirug\u00eda reciente, co\u00e1gulos de sangre, hipertensi\u00f3n grave, complicaciones del embarazo y c\u00e1ncer. Estas condiciones pueden hacer que la terapia de masaje sea insegura o inapropiada. Consulte siempre con un profesional de la salud antes de recibir un tratamiento de masaje.[\/vc_column_text][\/vc_column][\/vc_row][\/vc_section]<\/p>\n<\/div>","protected":false},"excerpt":{"rendered":"<p>[vc_section][vc_row rtl_reverse=&#8221;yes&#8221;][vc_column width=&#8221;1\/3&#8243; css=&#8221;.vc_custom_1627244422924{padding-top: 25px !important;padding-right: 25px !important;padding-bottom: 25px !important;padding-left: 25px !important;}&#8221;][vc_single_image image=&#8221;15609&#8243; img_size=&#8221;full&#8221; alignment=&#8221;center&#8221;][\/vc_column][vc_column width=&#8221;2\/3&#8243; css=&#8221;.vc_custom_1627244427868{padding-top: 25px !important;padding-right: 25px !important;padding-bottom: 25px !important;padding-left: 25px !important;}&#8221;][vc_column_text] Masaje corporal Un masaje de espalda implica la manipulaci\u00f3n de los m\u00fasculos y tejidos de la espalda para aliviar la tensi\u00f3n, promover la relajaci\u00f3n y aliviar las molestias. Utilizando diversas [&hellip;]<\/p>\n","protected":false},"author":1,"featured_media":0,"parent":15509,"menu_order":0,"comment_status":"closed","ping_status":"closed","template":"","meta":{"footnotes":""},"class_list":["post-15893","page","type-page","status-publish","hentry"],"_links":{"self":[{"href":"https:\/\/lashacademymarbella.com\/es\/wp-json\/wp\/v2\/pages\/15893","targetHints":{"allow":["GET"]}}],"collection":[{"href":"https:\/\/lashacademymarbella.com\/es\/wp-json\/wp\/v2\/pages"}],"about":[{"href":"https:\/\/lashacademymarbella.com\/es\/wp-json\/wp\/v2\/types\/page"}],"author":[{"embeddable":true,"href":"https:\/\/lashacademymarbella.com\/es\/wp-json\/wp\/v2\/users\/1"}],"replies":[{"embeddable":true,"href":"https:\/\/lashacademymarbella.com\/es\/wp-json\/wp\/v2\/comments?post=15893"}],"version-history":[{"count":3,"href":"https:\/\/lashacademymarbella.com\/es\/wp-json\/wp\/v2\/pages\/15893\/revisions"}],"predecessor-version":[{"id":15896,"href":"https:\/\/lashacademymarbella.com\/es\/wp-json\/wp\/v2\/pages\/15893\/revisions\/15896"}],"up":[{"embeddable":true,"href":"https:\/\/lashacademymarbella.com\/es\/wp-json\/wp\/v2\/pages\/15509"}],"wp:attachment":[{"href":"https:\/\/lashacademymarbella.com\/es\/wp-json\/wp\/v2\/media?parent=15893"}],"curies":[{"name":"wp","href":"https:\/\/api.w.org\/{rel}","templated":true}]}}