{"id":15976,"date":"2024-04-10T23:16:28","date_gmt":"2024-04-10T21:16:28","guid":{"rendered":"https:\/\/lashacademymarbella.com\/aviso-legal\/"},"modified":"2024-09-15T00:30:20","modified_gmt":"2024-09-14T22:30:20","slug":"aviso-legal","status":"publish","type":"page","link":"https:\/\/lashacademymarbella.com\/es\/aviso-legal\/","title":{"rendered":"Aviso legal"},"content":{"rendered":"<div class=\"wpb-content-wrapper\"><p>[vc_row][vc_column][vc_column_text css=&#8221;&#8221;]<\/p>\n<h3>Objeto y aceptaci\u00f3n<\/h3>\n<p>El presente aviso legal regula el uso del sitio web <a href=\"https:\/\/lashacademymarbella.com\">https:\/\/lashacademymarbella.com<\/a>, en adelante, el sitio web, del que es titular Vivien Villanyi, en adelante, EL PRESTADOR.<\/p>\n<p>El PRESTADOR del sitio web, pone a disposici\u00f3n de los usuarios el presente documento con el que pretende dar cumplimiento a las obligaciones dispuestas en el art\u00edculo 10 de la Ley 34\/2002, de 11 de julio, de servicios de la sociedad de la informaci\u00f3n y de comercio electr\u00f3nico, as\u00ed como informar a todos los usuarios sobre las condiciones de uso del sitio web.<\/p>\n<p>El PRESTADOR podr\u00e1 modificar en cualquier momento el presente aviso legal, as\u00ed como cualesquiera otras condiciones generales o particulares, reglamentos de uso, instrucciones o avisos que resulten de aplicaci\u00f3n, notific\u00e1ndolo a los usuarios con antelaci\u00f3n suficiente con el fin de mejorar los servicios ofrecidos a trav\u00e9s de la web. Mediante la modificaci\u00f3n del aviso legal publicado en el sitio web entender\u00e1 por cumplido dicho deber de notificaci\u00f3n.<\/p>\n<p>La navegaci\u00f3n por el sitio web del PRESTADOR atribuye la condici\u00f3n de usuario del mismo e implica la aceptaci\u00f3n plena y sin reservas de todas y cada una de las disposiciones incluidas en este aviso legal, que pueden sufrir modificaciones, por lo que, si el usuario no est\u00e1 de acuerdo con cualquiera de las condiciones aqu\u00ed establecidas, no deber\u00e1 usar este sitio web.<\/p>\n<p>Asimismo, el PRESTADOR se reserva el derecho de suspender, interrumpir o dejar de operar el sitio web en cualquier momento.<\/p>\n<p>Por lo tanto, recomendamos la previa visualizaci\u00f3n del contenido del aviso legal para conocer en todo momento las condiciones de acceso, uso y utilizaci\u00f3n del sitio web.<\/p>\n<p>Este sitio web ha sido creado por el PRESTADOR con car\u00e1cter informativo y para uso personal de los usuarios. A trav\u00e9s de este aviso legal, se pretende regular el acceso y uso de este sitio web, as\u00ed como la relaci\u00f3n entre el sitio web y sus usuarios.<\/p>\n<p>Accediendo a este sitio web se aceptan los siguientes t\u00e9rminos y condiciones:<\/p>\n<ol>\n<li>El acceso a este sitio web es responsabilidad exclusiva de los usuarios.<\/li>\n<li>El simple acceso a este sitio web no supone entablar ning\u00fan tipo de relaci\u00f3n comercial entre el PRESTADOR y el usuario.<\/li>\n<li>El acceso y la navegaci\u00f3n en este sitio web supone aceptar y conocer las advertencias legales, condiciones y t\u00e9rminos de uso contenidas en ella.<\/li>\n<li>El PRESTADOR puede ofrecer servicios que podr\u00e1n encontrarse sometidos a unas condiciones particulares propias que, seg\u00fan los casos, sustituyan, completen y\/o modifiquen las presentes condiciones, y sobre las cuales se informar\u00e1 al usuario en cada caso concreto.<\/li>\n<li>El usuario se obliga a hacer un uso correcto del sitio web de conformidad con las leyes, la buena fe, el orden p\u00fablico, los usos del tr\u00e1fico y el presente Aviso Legal. El usuario responder\u00e1 frente al PRESTADOR o frente a terceros, de cualesquiera da\u00f1os y perjuicios que pudieran causarse como consecuencia del incumplimiento de dicha obligaci\u00f3n.<\/li>\n<\/ol>\n<p>&nbsp;<\/p>\n<h3>Sobre<\/h3>\n<p>Bajo el dominio lashacademymarbella.com se ofrecen los servicios de:<\/p>\n<ul>\n<li>Prestador: Vivien Villanyi<\/li>\n<li>I.E.: Y3925895Q<\/li>\n<li>Direcci\u00f3n: C\/ Torrente Ballester 16, Edificio Albatros 3, Portal 2, Planta 1 \u2013 Puerta 5, Marbella, M\u00e1laga (Espa\u00f1a)<\/li>\n<li>Tel\u00e9fono (+34) 628 30 29 30<\/li>\n<li>Correo electr\u00f3nico: <a href=\"mailto:info@lashacademymarbella.com\">info@lashacademymarbella.com<\/a><\/li>\n<\/ul>\n<p>Todas las notificaciones y comunicaciones entre los usuarios y el PRESTADOR se considerar\u00e1n eficaces, a todos los efectos, cuando se realicen a trav\u00e9s de correo postal o cualquier otro medio de los detallados anteriormente.<\/p>\n<p>&nbsp;<\/p>\n<h3>Contenido<\/h3>\n<p>EL sitio web ofrece informaci\u00f3n al usuario sobre los productos y\/o servicios que se pueden adquirir a trav\u00e9s de la tienda online que pone a su disposici\u00f3n el PRESTADOR.<\/p>\n<p>&nbsp;<\/p>\n<p><strong>Acceso al sitio web<\/strong><\/p>\n<p>El acceso al sitio web es libre y gratuito para el usuario, salvo en lo relativo al coste de la conexi\u00f3n a trav\u00e9s de la red de telecomunicaciones suministrada por el proveedor de acceso contratado por el usuario e implica sin reservas la aceptaci\u00f3n de las presentes condiciones de uso que el usuario afirma comprender en su totalidad.<\/p>\n<p>Con car\u00e1cter general, para el acceso a los contenidos informativos del sitio web no ser\u00e1 necesario el registro previo del usuario.<\/p>\n<p>No obstante, algunos servicios conllevan obligatoriamente el registro previo del usuario mediante la cumplimentaci\u00f3n de los correspondientes formularios electr\u00f3nicos de inscripci\u00f3n que para ello se establezcan en el sitio web y la aceptaci\u00f3n de los t\u00e9rminos y condiciones de uso que el PRESTADOR establezca a tal efecto.<\/p>\n<p>&nbsp;<\/p>\n<p><strong>Claves de acceso o similares<\/strong><\/p>\n<p>En caso de que alg\u00fan servicio del sitio web incluya claves de acceso o nombres de usuario, el Usuario elegir\u00e1 e indicar\u00e1 sus propias claves de acceso (nombre de usuario, e-mail, log, contrase\u00f1a, password, o similar), no pudiendo elegir para ellos palabras, expresiones o conjuntos gr\u00e1fico-denominativos malsonantes, injuriosos, coincidentes con marcas, nombres comerciales, r\u00f3tulos de establecimientos, denominaciones sociales, expresiones publicitarias, nombres y seud\u00f3nimos de personajes de relevancia p\u00fablica o famosos para cuya utilizaci\u00f3n no est\u00e9 autorizado y, en general, contrarios a la ley o a las exigencias de la moral y buenas costumbres generalmente aceptadas.<\/p>\n<p>La asignaci\u00f3n del nombre de usuario (log) se produce de manera autom\u00e1tica previa elecci\u00f3n del Usuario. En el supuesto de que estas claves solicitadas se encuentren reservadas, el Usuario deber\u00e1 introducir unas nuevas claves de acceso.<\/p>\n<p>El usuario es el responsable de mantener la confidencialidad de la contrase\u00f1a asociada a su cuenta, que utilizar\u00e1 para acceder al sitio web, y se compromete a hacer un uso diligente de las claves de acceso, a no ponerlas a disposici\u00f3n de terceros, y a comunicar al PRESTADOR la p\u00e9rdida o robo de las claves de acceso y el posible acceso por un tercero a las mismas.<\/p>\n<p>Si el usuario detectase cualquier uso no autorizado de su cuenta, deber\u00e1 ponerlo en conocimiento de inmediato al PRESTADOR.<\/p>\n<p>&nbsp;<\/p>\n<p><strong>Menores de edad<\/strong><\/p>\n<p>En relaci\u00f3n con la navegaci\u00f3n en el sitio web por parte menores, el usuario queda advertido que el PRESTADOR no puede controlar, aparte de otras circunstancias, que los menores de 14 a\u00f1os de edad hagan uso del sitio web y de sus servicios. Por ello, el PRESTADOR no asume ninguna responsabilidad alguna al respecto, y se comunica que ser\u00e1n los padres y tutores los \u00fanicos responsables de controlar y asistir a los menores en la navegaci\u00f3n por este sitio web y habilitar cualesquiera otros mecanismos necesarios que, en su caso, impidan el acceso por parte de los menores al sitio web y\/o sus servicios, no admitiendo el PRESTADOR ninguna reclamaci\u00f3n al respecto.<\/p>\n<p>En el supuesto que algunos de nuestros servicios vayan dirigidos espec\u00edficamente a menores de edad, el PRESTADOR solicitar\u00e1 la conformidad de los padres o tutores para la recogida de los datos personales o, en su caso, para el tratamiento automatizado de los datos.<\/p>\n<p>&nbsp;<\/p>\n<p><strong>Normas de utilizaci\u00f3n del sitio web<\/strong><\/p>\n<p>El usuario se obliga a utilizar el sitio web y todo su contenido y servicios conforme a lo establecido en la ley, la moral, el orden p\u00fablico y en las presentes condiciones.<\/p>\n<p>El PRESTADOR podr\u00e1 interrumpir en cualquier momento el acceso a su sitio web si detecta un uso contrario a la legalidad, la buena fe o a las presentes condiciones.<\/p>\n<p>Asimismo, el usuario, se obliga y compromete expresamente a hacer un uso adecuado de los contenidos y servicios del sitio web y a no emplearlos para:<\/p>\n<ol>\n<li>a) Difundir contenidos, delictivos, violentos, pornogr\u00e1ficos, racistas, xen\u00f3fobo, ofensivos, de apolog\u00eda del terrorismo o, en general, contrarios a la ley o al orden p\u00fablico.<\/li>\n<li>b) Realizar actividades il\u00edcitas o constitutivas de delito, que atenten contra los derechos de terceros y\/o que infrinjan la regulaci\u00f3n sobre propiedad intelectual e industrial, o cualesquiera otras normas del ordenamiento jur\u00eddico aplicable.<\/li>\n<li>c) Introducir en la red virus inform\u00e1ticos o realizar actuaciones susceptibles de alterar, estropear, interrumpir o generar errores o da\u00f1os en los documentos electr\u00f3nicos, datos o sistemas f\u00edsicos y l\u00f3gicos del PRESTADOR o de terceras personas; as\u00ed como obstaculizar el acceso de otros usuarios al sitio web y a sus servicios mediante el consumo masivo de los recursos inform\u00e1ticos a trav\u00e9s de los cuales el PRESTADOR presta sus servicios.<\/li>\n<li>d) Intentar acceder a las cuentas de correo electr\u00f3nico de otros usuarios o a \u00e1reas restringidas del sitio web y, en su caso, extraer informaci\u00f3n.<\/li>\n<li>e) Suplantar la identidad de otro usuario, de las administraciones p\u00fablicas o de un tercero.<\/li>\n<li>f) Reproducir, copiar, distribuir, poner a disposici\u00f3n o de cualquier otra forma comunicar p\u00fablicamente, transformar o modificar los contenidos, a menos que se cuente con la autorizaci\u00f3n del titular de los correspondientes derechos o ello resulte legalmente permitido.<\/li>\n<li>g) Recabar datos con finalidad publicitaria y de remitir publicidad de cualquier clase y comunicaciones con fines de venta u otras de naturaleza comercial sin que medie su previa solicitud o consentimiento.<\/li>\n<\/ol>\n<p>&nbsp;<\/p>\n<p><strong>Exclusi\u00f3n de Responsabilidad<\/strong><\/p>\n<p>El acceso del usuario al sitio web no implica para el PRESTADOR la obligaci\u00f3n de controlar la ausencia de virus, gusanos o cualquier otro elemento inform\u00e1tico da\u00f1ino. Corresponde al usuario, en todo caso, la disponibilidad de herramientas adecuadas para la detecci\u00f3n y desinfecci\u00f3n de programas inform\u00e1ticos da\u00f1inos.<\/p>\n<p>El PRESTADOR no se responsabiliza de los da\u00f1os producidos en el software y equipos inform\u00e1ticos de los usuarios o de terceros durante la utilizaci\u00f3n de los servicios ofrecidos en el sitio web.<\/p>\n<p>El PRESTADOR no se responsabiliza de los da\u00f1os o perjuicios de cualquier tipo producidos en el usuario que traigan causa de fallos o desconexiones en las redes de telecomunicaciones que produzcan la suspensi\u00f3n, cancelaci\u00f3n o interrupci\u00f3n del servicio del sitio web durante la prestaci\u00f3n del mismo o con car\u00e1cter previo.<\/p>\n<p>El PRESTADOR se reserva el derecho de efectuar sin previo aviso las modificaciones que considere oportunas en su sitio web, pudiendo cambiar, suprimir o a\u00f1adir tanto los contenidos y servicios que se presten a trav\u00e9s de la misma como la forma en la que \u00e9stos aparezcan presentados o localizados en el sitio web.<\/p>\n<p>&nbsp;<\/p>\n<h3>Propiedad intelectual e industrial<\/h3>\n<p>El sitio web, incluyendo a t\u00edtulo enunciativo, pero no limitativo su programaci\u00f3n, edici\u00f3n, compilaci\u00f3n y dem\u00e1s elementos necesarios para su funcionamiento, el c\u00f3digo fuente, los dise\u00f1os, logotipos, textos y\/o gr\u00e1ficos son propiedad del PRESTADOR o en su caso dispone de licencia o autorizaci\u00f3n expresa por parte de los autores.<\/p>\n<p>Todos los contenidos del sitio web se encuentran debidamente protegidos por la normativa de propiedad intelectual e industrial, as\u00ed como inscritos en los registros p\u00fablicos correspondientes.<\/p>\n<p>La reproducci\u00f3n total o parcial, uso, explotaci\u00f3n, distribuci\u00f3n y comercializaci\u00f3n, requiere en todo caso de la autorizaci\u00f3n escrita previa por parte del PRESTADOR.<\/p>\n<p>Cualquier uso no autorizado previamente por parte del PRESTADOR ser\u00e1 considerado un incumplimiento grave de los derechos de propiedad intelectual o industrial del autor.<\/p>\n<p>Los dise\u00f1os, logotipos, texto y\/o gr\u00e1ficos ajenos al PRESTADOR y que pudieran aparecer en el sitio web, pertenecen a sus respectivos propietarios, siendo ellos mismos responsables de cualquier posible controversia que pudiera suscitarse respecto a los mismos.<\/p>\n<p>El PRESTADOR reconoce a favor de sus titulares los correspondientes derechos de propiedad industrial e intelectual, no implicando su sola menci\u00f3n o aparici\u00f3n en el sitio web la existencia de derechos o responsabilidad alguna del PRESTADOR sobre los mismos, como tampoco respaldo, patrocinio o recomendaci\u00f3n por parte del mismo.<\/p>\n<p>&nbsp;<\/p>\n<p><strong>Enlaces<\/strong><\/p>\n<p>El establecimiento de un hiperenlace no implica en ning\u00fan caso la existencia de relaciones entre el PRESTADOR y el propietario del sitio web en la que se establezca, ni la aceptaci\u00f3n y aprobaci\u00f3n por parte del PRESTADOR de sus contenidos o servicios.<\/p>\n<p>Aquellas personas que se propongan establecer un hiperenlace previamente deber\u00e1n solicitar autorizaci\u00f3n por escrito al PRESTADOR.<\/p>\n<p>En todo caso, el hiperenlace \u00fanicamente permitir\u00e1 el acceso a la home-page o p\u00e1gina de inicio de los sitios web, asimismo deber\u00e1 abstenerse de realizar manifestaciones o indicaciones falsas, inexactas o incorrectas sobre el PRESTADOR, o incluir contenidos il\u00edcitos, contrarios a las buenas costumbres y al orden p\u00fablico.<\/p>\n<p>El PRESTADOR no se responsabiliza del uso que cada usuario haga de la informaci\u00f3n puesta a disposici\u00f3n en el sitio web ni de las actuaciones que realice en base a la misma.<\/p>\n<p>El PRESTADOR no asume responsabilidad alguna por la informaci\u00f3n contenida en p\u00e1ginas web de terceros a las que se pueda acceder por &#8220;links&#8221; o enlaces desde cualquier p\u00e1gina web propiedad del PRESTADOR.<\/p>\n<p>La presencia de &#8220;links&#8221; o enlaces en el sitio web del PRESTADOR tiene finalidad meramente informativa y en ning\u00fan caso supone sugerencia, invitaci\u00f3n o recomendaci\u00f3n sobre los mismos.<\/p>\n<p>&nbsp;<\/p>\n<p><strong>Env\u00edo de Comunicaciones Comerciales<\/strong><\/p>\n<p>En cumplimiento de lo dispuesto en la Disposici\u00f3n final segunda de la Ley 9\/2014, de 9 de mayo, de Telecomunicaciones que modifica la Ley 34\/2002, de 11 de julio, de servicios de la sociedad de la informaci\u00f3n y de comercio electr\u00f3nico, las comunicaciones comerciales realizadas por v\u00eda electr\u00f3nica deber\u00e1n ser claramente identificables como tales, y la persona f\u00edsica o jur\u00eddica en nombre de la cual se realizan tambi\u00e9n deber\u00e1 ser claramente identificable, sin perjuicio de lo que dispongan las normativas dictadas por las Comunidades Aut\u00f3nomas con competencias exclusivas sobre consumo.<\/p>\n<p>El usuario, que facilite su datos de contacto al PRESTADOR al hacer clic en el bot\u00f3n \u201cENVIAR\u201d de los formularios electr\u00f3nicos de recogida de datos personales existentes en el sitio web y marque afirmativamente las dos casillas de obtenci\u00f3n del consentimiento existentes,\u00a0\u201cAcepto el tratamiento de mis datos seg\u00fan las finalidades indicadas en la informaci\u00f3n b\u00e1sica de protecci\u00f3n de datos\u201d\u00a0y \u201cDoy mi consentimiento para recibir comunicaciones comerciales de sus productos y\/o servicios\u201d, autoriza manifiestamente y otorga su consentimiento expreso, libre e inequ\u00edvoco al PRESTADOR para que trate sus datos personales con la finalidad de enviarle comunicaciones comerciales sobre sus productos y\/o servicios mediante carta, tel\u00e9fono, correo electr\u00f3nico, SMS\/MMS, WhatsApp, Telegram o por otros medios de comunicaci\u00f3n electr\u00f3nica equivalentes.<\/p>\n<p>La base jur\u00eddica que legitima este tratamiento es el consentimiento del interesado, que podr\u00e1 revocar en cualquier momento.<\/p>\n<p>En cumplimiento de lo previsto en los art\u00edculos 21 y 22 de la Ley 34\/2002, de 11 de julio, de servicios de la sociedad de la informaci\u00f3n y de comercio electr\u00f3nico, el usuario podr\u00e1 oponerse al tratamiento de sus datos con fines promocionales y revocar el consentimiento prestado a la recepci\u00f3n de comunicaciones comerciales v\u00eda correo electr\u00f3nico con la simple notificaci\u00f3n de su voluntad al PRESTADOR mediante un procedimiento sencillo y gratuito, consistente en remitir un correo electr\u00f3nico a la direcci\u00f3n de correo electr\u00f3nico <a href=\"mailto:info@lashacademymarbella.com\">info@lashacademymarbella.com<\/a>, indicando en el Asunto del mensaje \u201cBAJA\u201d o \u201cNO ENVIAR\u201d.<\/p>\n<p>&nbsp;<\/p>\n<p><strong>Direcciones IP<\/strong><\/p>\n<p>Los servidores del sitio web podr\u00e1n detectar de manera autom\u00e1tica la direcci\u00f3n IP y el nombre de dominio utilizados por el usuario.<\/p>\n<p>Una direcci\u00f3n IP es un n\u00famero asignado autom\u00e1ticamente a un ordenador cuando \u00e9sta se conecta a Internet. Toda esta informaci\u00f3n es registrada en un fichero de actividad del servidor que permite el posterior procesamiento de los datos con el fin de obtener mediciones \u00fanicamente estad\u00edsticas que permitan conocer el n\u00famero de impresiones de p\u00e1ginas, el n\u00famero de visitas realizadas a los servicios web, el orden de visitas, el punto de acceso, etc.<\/p>\n<p><strong>\u00a0<\/strong><\/p>\n<h3>Exoneraci\u00f3n de responsabilidad<\/h3>\n<p>El PRESTADOR se exime de cualquier tipo de responsabilidad derivada de la informaci\u00f3n publicada en su sitio web, siempre que esta informaci\u00f3n haya sido manipulada o introducida por un tercero ajeno.<\/p>\n<p>De acuerdo con los art\u00edculos 11 y 16 de Ley 34\/2002, de 11 de julio, de Servicios de la Sociedad de la Informaci\u00f3n y de Comercio Electr\u00f3nico, el PRESTADOR se pone a disposici\u00f3n de los usuarios, autoridades competentes y fuerzas y cuerpos de seguridad para retirar o bloquear los contenidos que vulneren la legislaci\u00f3n, los derechos de terceros o la moral y el orden p\u00fablico.<\/p>\n<p>El sitio web ha sido revisado y probado para que funcione correctamente. En principio, puede garantizarse el correcto funcionamiento los 365 d\u00edas del a\u00f1o, 24 horas al d\u00eda. No obstante, el PRESTADOR no descarta la posibilidad de que existan ciertos errores de programaci\u00f3n, o que acontezcan causas de fuerza mayor, cat\u00e1strofes naturales, huelgas, o circunstancias semejantes que hagan imposible el acceso a el sitio web.<\/p>\n<p>El PRESTADOR no garantiza el funcionamiento ininterrumpido de la aplicaci\u00f3n por causas ajenas a su voluntad.<\/p>\n<p>En caso de interrupci\u00f3n del funcionamiento del sitio web, el PRESTADOR se compromete a devolverlo a un buen estado de funcionamiento a la mayor brevedad posible.<\/p>\n<p>&nbsp;<\/p>\n<p><strong>Procedimiento en caso de realizaci\u00f3n de actividades de car\u00e1cter il\u00edcito<\/strong><\/p>\n<p>En el caso de que cualquier usuario o un tercero considere que existen hechos o circunstancias que revelen el car\u00e1cter il\u00edcito de la utilizaci\u00f3n de cualquier contenido y\/o de la realizaci\u00f3n de cualquier actividad en las p\u00e1ginas web incluidas o accesibles a trav\u00e9s del sitio web, deber\u00e1 enviar una notificaci\u00f3n al PRESTADOR identific\u00e1ndose debidamente, especificando las supuestas infracciones y declarando expresamente y bajo su responsabilidad que la informaci\u00f3n proporcionada en la notificaci\u00f3n es exacta.<\/p>\n<p>&nbsp;<\/p>\n<h3>Legislaci\u00f3n y fuero aplicable<\/h3>\n<p>Para la resoluci\u00f3n de todas las controversias o cuestiones relacionadas con el presente sitio web o de las actividades en \u00e9l desarrolladas, ser\u00e1 de aplicaci\u00f3n la legislaci\u00f3n espa\u00f1ola, a la que se someten expresamente las partes, siendo competentes para la resoluci\u00f3n de todos los conflictos derivados o relacionados con su uso los Juzgados y Tribunales de Marbella, M\u00e1laga (Espa\u00f1a), salvo que el usuario tenga la condici\u00f3n de consumidor, en cuyo caso las partes se someten a los Juzgados y Tribunales del domicilio en el que tenga su residencia habitual el consumidor dentro del territorio nacional espa\u00f1ol.<\/p>\n<p>Si cualquier cl\u00e1usula incluida en las presentes condiciones fuese declarada total o parcialmente nula o ineficaz, tal nulidad o ineficacia tan s\u00f3lo afectar\u00e1 a dicha disposici\u00f3n o a la parte de la misma que resulte nula o ineficaz, subsistiendo las presentes condiciones en todo lo dem\u00e1s y consider\u00e1ndose tal disposici\u00f3n total o parcialmente por no incluida.[\/vc_column_text][\/vc_column][\/vc_row]<\/p>\n<\/div>","protected":false},"excerpt":{"rendered":"<p>[vc_row][vc_column][vc_column_text css=&#8221;&#8221;] Objeto y aceptaci\u00f3n El presente aviso legal regula el uso del sitio web https:\/\/lashacademymarbella.com, en adelante, el sitio web, del que es titular Vivien Villanyi, en adelante, EL PRESTADOR. El PRESTADOR del sitio web, pone a disposici\u00f3n de los usuarios el presente documento con el que pretende dar cumplimiento a las obligaciones dispuestas [&hellip;]<\/p>\n","protected":false},"author":1,"featured_media":0,"parent":0,"menu_order":0,"comment_status":"closed","ping_status":"closed","template":"","meta":{"footnotes":""},"class_list":["post-15976","page","type-page","status-publish","hentry"],"_links":{"self":[{"href":"https:\/\/lashacademymarbella.com\/es\/wp-json\/wp\/v2\/pages\/15976","targetHints":{"allow":["GET"]}}],"collection":[{"href":"https:\/\/lashacademymarbella.com\/es\/wp-json\/wp\/v2\/pages"}],"about":[{"href":"https:\/\/lashacademymarbella.com\/es\/wp-json\/wp\/v2\/types\/page"}],"author":[{"embeddable":true,"href":"https:\/\/lashacademymarbella.com\/es\/wp-json\/wp\/v2\/users\/1"}],"replies":[{"embeddable":true,"href":"https:\/\/lashacademymarbella.com\/es\/wp-json\/wp\/v2\/comments?post=15976"}],"version-history":[{"count":3,"href":"https:\/\/lashacademymarbella.com\/es\/wp-json\/wp\/v2\/pages\/15976\/revisions"}],"predecessor-version":[{"id":15983,"href":"https:\/\/lashacademymarbella.com\/es\/wp-json\/wp\/v2\/pages\/15976\/revisions\/15983"}],"wp:attachment":[{"href":"https:\/\/lashacademymarbella.com\/es\/wp-json\/wp\/v2\/media?parent=15976"}],"curies":[{"name":"wp","href":"https:\/\/api.w.org\/{rel}","templated":true}]}}