{"id":15526,"date":"2024-03-28T10:44:48","date_gmt":"2024-03-28T09:44:48","guid":{"rendered":"https:\/\/lashacademymarbella.com\/product\/pestanas\/"},"modified":"2024-03-26T23:43:48","modified_gmt":"2024-03-26T22:43:48","slug":"pestanas","status":"publish","type":"product","link":"https:\/\/lashacademymarbella.com\/es\/producto\/pestanas\/","title":{"rendered":"Pesta\u00f1as"},"content":{"rendered":"<p>Nuestras pesta\u00f1as siempre son libres de crueldad animal, est\u00e1n hechas de fibra PBT coreana de alta calidad y larga duraci\u00f3n, de color negro intenso y son muy suaves. Estas pesta\u00f1as est\u00e1n asentadas sobre una tira adhesiva de 2 mm especialmente dise\u00f1ada que hace que las pesta\u00f1as sean m\u00e1s f\u00e1ciles de extender y formar abanicos, apto para todas las t\u00e9cnicas de amarre. Cada caja de pesta\u00f1as est\u00e1 hecha con un respaldo de l\u00e1mina plateada que facilita su extracci\u00f3n y reutilizaci\u00f3n muchas veces.<\/p>\n<p>Nuestros productos est\u00e1n completos con est\u00e1ndares de calidad internacionales.<\/p>\n<p>Ofrecemos dos categor\u00edas de extensiones de pesta\u00f1as de alta calidad, pesta\u00f1as MINK y SILK con muchos grosores, curvaturas y longitudes para nosotros profesionales.<\/p>\n<h3>PESTA\u00d1AS DE MINK\/VIS\u00d3N<\/h3>\n<p>Las pesta\u00f1as de mink \/vis\u00f3n est\u00e1n hechas de fibra PBT coreana de alta calidad, que es suave, liviana, c\u00f3moda y segura de usar, lo que las convierte en una opci\u00f3n perfecta desde un look cl\u00e1sico hasta un look atrevido y dram\u00e1tico. Las extensiones de pesta\u00f1as de mink \/vis\u00f3n son brillantes, rizadas, afiladas a la perfecci\u00f3n y, adem\u00e1s, vers\u00e1tiles. Las extensiones de pesta\u00f1as de mink \/vis\u00f3n suelen ser la mejor opci\u00f3n para los clientes que desean lograr un efecto classico o voluminoso. B\u00e1sicamente, las pesta\u00f1as de mink \/ vis\u00f3n se utilizan principalmente para t\u00e9cnicas de amarre relacionadas con la fabricaci\u00f3n de abanicos en tiras, como el m\u00e9todo del abanico solitario.<\/p>\n<p>Nuestras pesta\u00f1as de mink \/ vis\u00f3n est\u00e1n disponibles en curvada C, CC, D, DD, M, L y en grosores de 0,05, 0,07, 0,10, 0,20 y tama\u00f1os desde 7 mm hasta 14 mm.<\/p>\n<h3>PESTA\u00d1AS DE SILK\/ SEDA<\/h3>\n<p>Al igual que las pesta\u00f1as de vis\u00f3n, las pesta\u00f1as Silk tambi\u00e9n est\u00e1n hechas de PBT coreano de alta calidad, pero son m\u00e1s c\u00f3nicas en la punta. Tienen puntas m\u00e1s delgadas y se vuelven m\u00e1s gruesas hacia la parte inferior, lo que las hace m\u00e1s finas y suaves que las pesta\u00f1as de vis\u00f3n y tienen un acabado semimate. Debido a que tienen un cuerpo liviano, tienden a aguantar un poco m\u00e1s que los de vis\u00f3n. Si est\u00e1 buscando un conjunto completo de pesta\u00f1as naturales, volumen o mega volumen, le sugiero pesta\u00f1as de silk\/seda, porque nuestras pesta\u00f1as de silk\/seda est\u00e1n disponibles en grosores de 0,03, 0,05 y 0,07, y en curvaturas C, CC, D y DD y de 7 mm a 14 mm tama\u00f1os.<\/p>\n","protected":false},"excerpt":{"rendered":"<p>Nuestras pesta\u00f1as siempre son libres de crueldad animal, est\u00e1n hechas de fibra PBT coreana de alta calidad y larga duraci\u00f3n, de color negro intenso y son muy suaves. Estas pesta\u00f1as est\u00e1n asentadas sobre una tira adhesiva de 2 mm especialmente dise\u00f1ada que hace que las pesta\u00f1as sean m\u00e1s f\u00e1ciles de extender y formar abanicos, apto [&hellip;]<\/p>\n","protected":false},"featured_media":15444,"template":"","meta":[],"product_brand":[],"product_cat":[135],"product_tag":[],"class_list":{"0":"post-15526","1":"product","2":"type-product","3":"status-publish","4":"has-post-thumbnail","6":"product_cat-pestanas","8":"first","9":"instock","10":"taxable","11":"shipping-taxable","12":"purchasable","13":"product-type-variable"},"_links":{"self":[{"href":"https:\/\/lashacademymarbella.com\/es\/wp-json\/wp\/v2\/product\/15526","targetHints":{"allow":["GET"]}}],"collection":[{"href":"https:\/\/lashacademymarbella.com\/es\/wp-json\/wp\/v2\/product"}],"about":[{"href":"https:\/\/lashacademymarbella.com\/es\/wp-json\/wp\/v2\/types\/product"}],"wp:featuredmedia":[{"embeddable":true,"href":"https:\/\/lashacademymarbella.com\/es\/wp-json\/wp\/v2\/media\/15444"}],"wp:attachment":[{"href":"https:\/\/lashacademymarbella.com\/es\/wp-json\/wp\/v2\/media?parent=15526"}],"wp:term":[{"taxonomy":"product_brand","embeddable":true,"href":"https:\/\/lashacademymarbella.com\/es\/wp-json\/wp\/v2\/product_brand?post=15526"},{"taxonomy":"product_cat","embeddable":true,"href":"https:\/\/lashacademymarbella.com\/es\/wp-json\/wp\/v2\/product_cat?post=15526"},{"taxonomy":"product_tag","embeddable":true,"href":"https:\/\/lashacademymarbella.com\/es\/wp-json\/wp\/v2\/product_tag?post=15526"}],"curies":[{"name":"wp","href":"https:\/\/api.w.org\/{rel}","templated":true}]}}