{"id":15527,"date":"2024-03-26T21:56:53","date_gmt":"2024-03-26T20:56:53","guid":{"rendered":"https:\/\/lashacademymarbella.com\/product\/removedor-de-pestanas-en-crema\/"},"modified":"2024-12-10T10:37:15","modified_gmt":"2024-12-10T09:37:15","slug":"removedor-de-pestanas-en-crema","status":"publish","type":"product","link":"https:\/\/lashacademymarbella.com\/es\/producto\/removedor-de-pestanas-en-crema\/","title":{"rendered":"Removedor de pesta\u00f1as en crema"},"content":{"rendered":"<p>El removedor de pesta\u00f1as en crema es un producto especializado que se utiliza para eliminar las extensiones de pesta\u00f1as. Por lo general, tiene una consistencia cremosa y contiene ingredientes dise\u00f1ados para romper la uni\u00f3n adhesiva entre las extensiones y las pesta\u00f1as naturales. El removedor se aplica con cuidado a las extensiones de pesta\u00f1as, lo que le permite disolver el adhesivo sin da\u00f1ar las pesta\u00f1as naturales. Despu\u00e9s de un breve per\u00edodo de espera, las extensiones se pueden quitar suavemente, dejando las pesta\u00f1as naturales intactas y listas para un nuevo puesta de extensiones si lo desea.<\/p>\n","protected":false},"excerpt":{"rendered":"<p>El removedor de pesta\u00f1as en crema es un producto especializado que se utiliza para eliminar las extensiones de pesta\u00f1as. Por lo general, tiene una consistencia cremosa y contiene ingredientes dise\u00f1ados para romper la uni\u00f3n adhesiva entre las extensiones y las pesta\u00f1as naturales. El removedor se aplica con cuidado a las extensiones de pesta\u00f1as, lo que [&hellip;]<\/p>\n","protected":false},"featured_media":15427,"template":"","meta":[],"product_brand":[],"product_cat":[136,137],"product_tag":[],"class_list":{"0":"post-15527","1":"product","2":"type-product","3":"status-publish","4":"has-post-thumbnail","6":"product_cat-glues-solutions-es","7":"product_cat-liquids-es","9":"first","10":"outofstock","11":"taxable","12":"shipping-taxable","13":"purchasable","14":"product-type-simple"},"_links":{"self":[{"href":"https:\/\/lashacademymarbella.com\/es\/wp-json\/wp\/v2\/product\/15527","targetHints":{"allow":["GET"]}}],"collection":[{"href":"https:\/\/lashacademymarbella.com\/es\/wp-json\/wp\/v2\/product"}],"about":[{"href":"https:\/\/lashacademymarbella.com\/es\/wp-json\/wp\/v2\/types\/product"}],"wp:featuredmedia":[{"embeddable":true,"href":"https:\/\/lashacademymarbella.com\/es\/wp-json\/wp\/v2\/media\/15427"}],"wp:attachment":[{"href":"https:\/\/lashacademymarbella.com\/es\/wp-json\/wp\/v2\/media?parent=15527"}],"wp:term":[{"taxonomy":"product_brand","embeddable":true,"href":"https:\/\/lashacademymarbella.com\/es\/wp-json\/wp\/v2\/product_brand?post=15527"},{"taxonomy":"product_cat","embeddable":true,"href":"https:\/\/lashacademymarbella.com\/es\/wp-json\/wp\/v2\/product_cat?post=15527"},{"taxonomy":"product_tag","embeddable":true,"href":"https:\/\/lashacademymarbella.com\/es\/wp-json\/wp\/v2\/product_tag?post=15527"}],"curies":[{"name":"wp","href":"https:\/\/api.w.org\/{rel}","templated":true}]}}