{"id":15528,"date":"2024-03-25T21:55:32","date_gmt":"2024-03-25T20:55:32","guid":{"rendered":"https:\/\/lashacademymarbella.com\/product\/limpiador-de-pestanas\/"},"modified":"2024-03-27T01:33:12","modified_gmt":"2024-03-27T00:33:12","slug":"limpiador-de-pestanas","status":"publish","type":"product","link":"https:\/\/lashacademymarbella.com\/es\/producto\/limpiador-de-pestanas\/","title":{"rendered":"Limpiador de pesta\u00f1as"},"content":{"rendered":"<p>Eye Cleanse\u2122 Limpiador de p\u00e1rpados en espuma con \u00e1rbol de t\u00e9 (50 ml) \u2013 Ayuda en la higiene diaria y en la eliminaci\u00f3n del maquillaje del \u00e1rea de los ojos.<\/p>\n<p>La espuma limpiadora de p\u00e1rpados eye cleanse\u2122 est\u00e1 dise\u00f1ada para limpiar completamente los p\u00e1rpados y las pesta\u00f1as de todas las secreciones oculares producidas en respuesta a afecciones como la blefaritis.<\/p>\n<ul>\n<li>La espuma limpiadora de pesta\u00f1as contiene \u00e1rbol de t\u00e9 para limpiar y desinfectar los p\u00e1rpados y las pesta\u00f1as.<\/li>\n<li>Ideal para pre y post extensiones de pesta\u00f1as\/microblading de cejas.<\/li>\n<li>Elimina todo el maquillaje, incluso el maquillaje resistente al agua.<\/li>\n<li>Enjuague siempre despu\u00e9s de su uso para obtener pesta\u00f1as limpias, frescas y saludables.<\/li>\n<\/ul>\n<p>Dise\u00f1ada por un Oftalm\u00f3logo, la espuma limpia suavemente los p\u00e1rpados de todas las impurezas, antes y despu\u00e9s de las extensiones de pesta\u00f1as y tambi\u00e9n desmaquilla eficazmente los ojos y el rostro.<\/p>\n<p>El limpiador de p\u00e1rpados en espuma eye cleanse\u2122 es ideal para pieles sensibles y usuarios de lentes de contacto, ya que deja los ojos frescos y aliviados sin ning\u00fan residuo graso.<\/p>\n<p>Muy eficaz en quienes padecen ros\u00e1cea.<\/p>\n<p><strong>Cuatro datos sobre la blefaritis<\/strong><\/p>\n<ol>\n<li>El 30% -50% de los ni\u00f1os y adultos padecen esta condici\u00f3n<\/li>\n<li>Los ensayos han demostrado una prevalencia del 42 % al 49 % del \u00e1caro Demodex en pacientes con blefaritis anterior cr\u00f3nica.<\/li>\n<li>El aceite de \u00e1rbol de t\u00e9 no s\u00f3lo tiene propiedades anti-Demodex, sino tambi\u00e9n propiedades antibacterianas, antif\u00fangicas y antiinflamatorias m\u00e1s amplias que pueden mejorar su potencial terap\u00e9utico.<\/li>\n<li>Maravilloso producto para usar si tienes ros\u00e1cea.<\/li>\n<\/ol>\n","protected":false},"excerpt":{"rendered":"<p>Eye Cleanse\u2122 Limpiador de p\u00e1rpados en espuma con \u00e1rbol de t\u00e9 (50 ml) \u2013 Ayuda en la higiene diaria y en la eliminaci\u00f3n del maquillaje del \u00e1rea de los ojos. La espuma limpiadora de p\u00e1rpados eye cleanse\u2122 est\u00e1 dise\u00f1ada para limpiar completamente los p\u00e1rpados y las pesta\u00f1as de todas las secreciones oculares producidas en respuesta [&hellip;]<\/p>\n","protected":false},"featured_media":15426,"template":"","meta":[],"product_brand":[],"product_cat":[136,137],"product_tag":[],"class_list":{"0":"post-15528","1":"product","2":"type-product","3":"status-publish","4":"has-post-thumbnail","6":"product_cat-glues-solutions-es","7":"product_cat-liquids-es","9":"first","10":"outofstock","11":"taxable","12":"shipping-taxable","13":"purchasable","14":"product-type-simple"},"_links":{"self":[{"href":"https:\/\/lashacademymarbella.com\/es\/wp-json\/wp\/v2\/product\/15528","targetHints":{"allow":["GET"]}}],"collection":[{"href":"https:\/\/lashacademymarbella.com\/es\/wp-json\/wp\/v2\/product"}],"about":[{"href":"https:\/\/lashacademymarbella.com\/es\/wp-json\/wp\/v2\/types\/product"}],"wp:featuredmedia":[{"embeddable":true,"href":"https:\/\/lashacademymarbella.com\/es\/wp-json\/wp\/v2\/media\/15426"}],"wp:attachment":[{"href":"https:\/\/lashacademymarbella.com\/es\/wp-json\/wp\/v2\/media?parent=15528"}],"wp:term":[{"taxonomy":"product_brand","embeddable":true,"href":"https:\/\/lashacademymarbella.com\/es\/wp-json\/wp\/v2\/product_brand?post=15528"},{"taxonomy":"product_cat","embeddable":true,"href":"https:\/\/lashacademymarbella.com\/es\/wp-json\/wp\/v2\/product_cat?post=15528"},{"taxonomy":"product_tag","embeddable":true,"href":"https:\/\/lashacademymarbella.com\/es\/wp-json\/wp\/v2\/product_tag?post=15528"}],"curies":[{"name":"wp","href":"https:\/\/api.w.org\/{rel}","templated":true}]}}