{"id":15530,"date":"2024-03-23T21:52:55","date_gmt":"2024-03-23T20:52:55","guid":{"rendered":"https:\/\/lashacademymarbella.com\/product\/pegamento-de-pestanas\/"},"modified":"2024-03-27T01:06:35","modified_gmt":"2024-03-27T00:06:35","slug":"pegamento-de-pestanas","status":"publish","type":"product","link":"https:\/\/lashacademymarbella.com\/es\/producto\/pegamento-de-pestanas\/","title":{"rendered":"Expert Glue"},"content":{"rendered":"<p>\u2022 pegamento de alta calidad adecuado para condiciones de baja humedad<br \/>\n\u2022\u00a0ideal para aplicaci\u00f3n de pesta\u00f1as cl\u00e1sicas y pesta\u00f1as rusas.<br \/>\n\u2022 f\u00f3rmula ideal para seleccionar la cantidad perfecta de pegamento<br \/>\n\u2022 la flexibilidad duradera permite una alta retenci\u00f3n<br \/>\n\u2022 pegamento avanzado de secado extremadamente r\u00e1pido (0.5 segundo)<\/p>\n<p><strong>NO APTO PARA PRINCIPIANTES NI PARA T\u00c9CNICOS DE PESTA\u00d1AS INTERMEDIOS que realizaron menos de 1000-1500 series de pesta\u00f1as<\/strong><\/p>\n<h4>\u00bfC\u00f3mo conseguir la mejor retenci\u00f3n?<\/h4>\n<p>\u2013 Almacene el pegamento a una temperatura de entre 18 y 22 \u00b0C (64,4 a 71,6 \u00b0F)<br \/>\n\u2013 Almacenar el pegamento en condiciones de humedad entre 30-60%.<br \/>\n\u2013 Almacenar en recipiente herm\u00e9tico<br \/>\n\u2013 Almacenar en posici\u00f3n vertical<\/p>\n<h4>Recuerde que si su:<\/h4>\n<p>\u2022 La temperatura es inferior a 18\u00b0C (64,4\u00b0F), el pegamento puede secarse m\u00e1s lentamente<br \/>\n\u2022 La temperatura es superior a 22 \u00b0C (71,6 \u00b0F). El pegamento puede secarse m\u00e1s r\u00e1pido<br \/>\n\u2022 La humedad es inferior al 30 %, el pegamento puede secarse m\u00e1s lentamente<br \/>\n\u2022 La humedad es superior al 60 %, el pegamento puede secarse m\u00e1s r\u00e1pido<\/p>\n<p>Para lograr una retenci\u00f3n y un tiempo de secado \u00f3ptimos, el pegamento debe almacenarse en condiciones ideales. Se recomienda utilizar un monitor para medir las condiciones de almacenamiento. Se recomienda un humidificador o deshumidificador para lograr una humedad \u00f3ptima y un sistema de calefacci\u00f3n o refrigeraci\u00f3n para lograr una temperatura \u00f3ptima. Es probable que las condiciones fuera de estos l\u00edmites provoquen un apego deficiente y, por lo tanto, una retenci\u00f3n deficiente.<\/p>\n<p>Si se almacena incorrectamente o el adhesivo supera su vida \u00fatil, la retenci\u00f3n puede verse afectada y comprometida. Su retenci\u00f3n tambi\u00e9n puede verse afectada si su adhesivo no est\u00e1 fresco o si almacena o usa su pegamento incorrectamente. Despu\u00e9s de abrirlo, se recomienda reemplazar el pegamento cada 4 semanas. El pegamento se puede almacenar sin abrir durante 6 meses. Se aconseja llevar un registro de la fecha de apertura del frasco de pegamento. Se recomienda limpiar la boquilla despu\u00e9s de cada uso para evitar que se pegue el exceso de producto.<\/p>\n<h4>Antes de realizar un tratamiento, consulte esta lista de verificaci\u00f3n de elementos esenciales para optimizar los resultados:<\/h4>\n<p>\u2013 La humedad del producto est\u00e1 a la temperatura correcta.<br \/>\n\u2013 Aseg\u00farese de que las pesta\u00f1as naturales se limpien correctamente y est\u00e9n libres de polvo, aceites y maquillaje.<br \/>\n\u2013 Correcta aplicaci\u00f3n de parches en los ojos.<br \/>\n\u2013 Las pesta\u00f1as se preparan con probase para neutralizar los niveles de PH.<br \/>\n\u2013 Aseg\u00farese de que los productos est\u00e9n dentro de la fecha<br \/>\n\u2013 Las gotas de pegamento deben cambiarse cada 10-15 minutos.<br \/>\n\u2013 Para los clientes que se tocan las pesta\u00f1as con regularidad o que duermen boca abajo, se recomienda Superbonder como paso final en el proceso de tratamiento para aumentar la flexibilidad del pegamento y evitar que las pesta\u00f1as se rompan.<\/p>\n<h4>Durante el tratamiento:<\/h4>\n<p>\u2013 La uni\u00f3n de las pesta\u00f1as debe ser de al menos 1 mm con respecto a las pesta\u00f1as naturales, sin una base dividida o cruzada.<br \/>\n\u2013 Aseg\u00farese de utilizar una gota de pegamento del tama\u00f1o correcto (un pegamento demasiado peque\u00f1o se secar\u00e1 demasiado r\u00e1pido)<br \/>\n\u2013 Las gotas de pegamento nuevas deben aplicarse en un \u00e1rea separada y no entrar en contacto con el pegamento usado anteriormente.<\/p>\n<p>El uso de Lash Primer ayudar\u00e1 a lograr una fijaci\u00f3n m\u00e1s r\u00e1pida al eliminar los aceites naturales y los residuos de maquillaje, adem\u00e1s de restaurar el equilibrio del PH de las pesta\u00f1as. Esto puede dar como resultado una uni\u00f3n de mayor calidad entre las pesta\u00f1as naturales y las extensiones de pesta\u00f1as.<\/p>\n","protected":false},"excerpt":{"rendered":"<p>\u2022 pegamento de alta calidad adecuado para condiciones de baja humedad \u2022\u00a0ideal para aplicaci\u00f3n de pesta\u00f1as cl\u00e1sicas y pesta\u00f1as rusas. \u2022 f\u00f3rmula ideal para seleccionar la cantidad perfecta de pegamento \u2022 la flexibilidad duradera permite una alta retenci\u00f3n \u2022 pegamento avanzado de secado extremadamente r\u00e1pido (0.5 segundo) NO APTO PARA PRINCIPIANTES NI PARA T\u00c9CNICOS DE [&hellip;]<\/p>\n","protected":false},"featured_media":16510,"template":"","meta":[],"product_brand":[],"product_cat":[136,177],"product_tag":[],"class_list":{"0":"post-15530","1":"product","2":"type-product","3":"status-publish","4":"has-post-thumbnail","6":"product_cat-glues-solutions-es","7":"product_cat-pegamentos","9":"first","10":"instock","11":"taxable","12":"shipping-taxable","13":"purchasable","14":"product-type-simple"},"_links":{"self":[{"href":"https:\/\/lashacademymarbella.com\/es\/wp-json\/wp\/v2\/product\/15530","targetHints":{"allow":["GET"]}}],"collection":[{"href":"https:\/\/lashacademymarbella.com\/es\/wp-json\/wp\/v2\/product"}],"about":[{"href":"https:\/\/lashacademymarbella.com\/es\/wp-json\/wp\/v2\/types\/product"}],"wp:featuredmedia":[{"embeddable":true,"href":"https:\/\/lashacademymarbella.com\/es\/wp-json\/wp\/v2\/media\/16510"}],"wp:attachment":[{"href":"https:\/\/lashacademymarbella.com\/es\/wp-json\/wp\/v2\/media?parent=15530"}],"wp:term":[{"taxonomy":"product_brand","embeddable":true,"href":"https:\/\/lashacademymarbella.com\/es\/wp-json\/wp\/v2\/product_brand?post=15530"},{"taxonomy":"product_cat","embeddable":true,"href":"https:\/\/lashacademymarbella.com\/es\/wp-json\/wp\/v2\/product_cat?post=15530"},{"taxonomy":"product_tag","embeddable":true,"href":"https:\/\/lashacademymarbella.com\/es\/wp-json\/wp\/v2\/product_tag?post=15530"}],"curies":[{"name":"wp","href":"https:\/\/api.w.org\/{rel}","templated":true}]}}