{"id":15915,"date":"2024-03-27T00:55:35","date_gmt":"2024-03-26T23:55:35","guid":{"rendered":"https:\/\/lashacademymarbella.com\/product\/primer-de-pestanas-2\/"},"modified":"2024-03-27T01:30:06","modified_gmt":"2024-03-27T00:30:06","slug":"primer-de-pestanas","status":"publish","type":"product","link":"https:\/\/lashacademymarbella.com\/es\/producto\/primer-de-pestanas\/","title":{"rendered":"Primer de pesta\u00f1as"},"content":{"rendered":"<p>El primer de extensiones de pesta\u00f1as es un producto dise\u00f1ado espec\u00edficamente para preparar las pesta\u00f1as naturales antes de aplicar las extensiones. Este producto se utiliza para limpiar y desengrasar las pesta\u00f1as naturales, eliminando cualquier residuo de aceite, maquillaje o suciedad que pueda interferir con la adhesi\u00f3n de las extensiones.<\/p>\n<p>Adem\u00e1s de limpiar las pesta\u00f1as, el primer de extensiones de pesta\u00f1as tambi\u00e9n ayuda a equilibrar el pH de las pesta\u00f1as naturales, lo que puede mejorar la durabilidad de la adhesi\u00f3n de las extensiones. Esto asegura que las extensiones se adhieran de manera segura y duradera a las pesta\u00f1as naturales, evitando que se desprendan prematuramente.<\/p>\n<p>En resumen, el primer de extensiones de pesta\u00f1as es un paso importante en el proceso de aplicaci\u00f3n de extensiones, ya que prepara las pesta\u00f1as naturales para una mejor adhesi\u00f3n y una mayor durabilidad de las extensiones.<\/p>\n","protected":false},"excerpt":{"rendered":"<p>El primer de extensiones de pesta\u00f1as es un producto dise\u00f1ado espec\u00edficamente para preparar las pesta\u00f1as naturales antes de aplicar las extensiones. Este producto se utiliza para limpiar y desengrasar las pesta\u00f1as naturales, eliminando cualquier residuo de aceite, maquillaje o suciedad que pueda interferir con la adhesi\u00f3n de las extensiones. Adem\u00e1s de limpiar las pesta\u00f1as, el [&hellip;]<\/p>\n","protected":false},"featured_media":16095,"template":"","meta":[],"product_brand":[],"product_cat":[136,137],"product_tag":[],"class_list":{"0":"post-15915","1":"product","2":"type-product","3":"status-publish","4":"has-post-thumbnail","6":"product_cat-glues-solutions-es","7":"product_cat-liquids-es","9":"first","10":"instock","11":"taxable","12":"shipping-taxable","13":"purchasable","14":"product-type-simple"},"_links":{"self":[{"href":"https:\/\/lashacademymarbella.com\/es\/wp-json\/wp\/v2\/product\/15915","targetHints":{"allow":["GET"]}}],"collection":[{"href":"https:\/\/lashacademymarbella.com\/es\/wp-json\/wp\/v2\/product"}],"about":[{"href":"https:\/\/lashacademymarbella.com\/es\/wp-json\/wp\/v2\/types\/product"}],"wp:featuredmedia":[{"embeddable":true,"href":"https:\/\/lashacademymarbella.com\/es\/wp-json\/wp\/v2\/media\/16095"}],"wp:attachment":[{"href":"https:\/\/lashacademymarbella.com\/es\/wp-json\/wp\/v2\/media?parent=15915"}],"wp:term":[{"taxonomy":"product_brand","embeddable":true,"href":"https:\/\/lashacademymarbella.com\/es\/wp-json\/wp\/v2\/product_brand?post=15915"},{"taxonomy":"product_cat","embeddable":true,"href":"https:\/\/lashacademymarbella.com\/es\/wp-json\/wp\/v2\/product_cat?post=15915"},{"taxonomy":"product_tag","embeddable":true,"href":"https:\/\/lashacademymarbella.com\/es\/wp-json\/wp\/v2\/product_tag?post=15915"}],"curies":[{"name":"wp","href":"https:\/\/api.w.org\/{rel}","templated":true}]}}