{"id":16051,"date":"2024-03-25T07:21:00","date_gmt":"2024-03-25T06:21:00","guid":{"rendered":"https:\/\/lashacademymarbella.com\/?post_type=product&#038;p=16051"},"modified":"2025-01-12T08:31:05","modified_gmt":"2025-01-12T07:31:05","slug":"pegamento-de-platino","status":"publish","type":"product","link":"https:\/\/lashacademymarbella.com\/es\/producto\/pegamento-de-platino\/","title":{"rendered":"Pegamento de platino"},"content":{"rendered":"<p>Adhesivo para pesta\u00f1as de fijaci\u00f3n fuerte<br \/>\nTemperaturas de 18-23 \u00b0C y condiciones de humedad entre 40-65 %<\/p>\n<p>Secado r\u00e1pido (1 s): adecuado para t\u00e9cnicos de pesta\u00f1as de nivel intermedio y avanzado, as\u00ed como para aquellos t\u00e9cnicos que reci\u00e9n comienzan su carrera en pesta\u00f1as.<br \/>\nAdecuado para pesta\u00f1as cl\u00e1sicas y volumen.<\/p>\n<p>Las fluctuaciones de temperatura y humedad pueden cambiar el tiempo de secado del adhesivo.<\/p>\n","protected":false},"excerpt":{"rendered":"<p>Adhesivo para pesta\u00f1as de fijaci\u00f3n fuerte Temperaturas de 18-23 \u00b0C y condiciones de humedad entre 40-65 % Secado r\u00e1pido (1 s): adecuado para t\u00e9cnicos de pesta\u00f1as de nivel intermedio y avanzado, as\u00ed como para aquellos t\u00e9cnicos que reci\u00e9n comienzan su carrera en pesta\u00f1as. Adecuado para pesta\u00f1as cl\u00e1sicas y volumen. Las fluctuaciones de temperatura y humedad [&hellip;]<\/p>\n","protected":false},"featured_media":16508,"template":"","meta":[],"product_brand":[],"product_cat":[136,177],"product_tag":[],"class_list":{"0":"post-16051","1":"product","2":"type-product","3":"status-publish","4":"has-post-thumbnail","6":"product_cat-glues-solutions-es","7":"product_cat-pegamentos","9":"first","10":"instock","11":"taxable","12":"shipping-taxable","13":"purchasable","14":"product-type-simple"},"_links":{"self":[{"href":"https:\/\/lashacademymarbella.com\/es\/wp-json\/wp\/v2\/product\/16051","targetHints":{"allow":["GET"]}}],"collection":[{"href":"https:\/\/lashacademymarbella.com\/es\/wp-json\/wp\/v2\/product"}],"about":[{"href":"https:\/\/lashacademymarbella.com\/es\/wp-json\/wp\/v2\/types\/product"}],"wp:featuredmedia":[{"embeddable":true,"href":"https:\/\/lashacademymarbella.com\/es\/wp-json\/wp\/v2\/media\/16508"}],"wp:attachment":[{"href":"https:\/\/lashacademymarbella.com\/es\/wp-json\/wp\/v2\/media?parent=16051"}],"wp:term":[{"taxonomy":"product_brand","embeddable":true,"href":"https:\/\/lashacademymarbella.com\/es\/wp-json\/wp\/v2\/product_brand?post=16051"},{"taxonomy":"product_cat","embeddable":true,"href":"https:\/\/lashacademymarbella.com\/es\/wp-json\/wp\/v2\/product_cat?post=16051"},{"taxonomy":"product_tag","embeddable":true,"href":"https:\/\/lashacademymarbella.com\/es\/wp-json\/wp\/v2\/product_tag?post=16051"}],"curies":[{"name":"wp","href":"https:\/\/api.w.org\/{rel}","templated":true}]}}