{"id":16055,"date":"2024-03-25T07:25:52","date_gmt":"2024-03-25T06:25:52","guid":{"rendered":"https:\/\/lashacademymarbella.com\/?post_type=product&#038;p=16055"},"modified":"2025-01-12T08:45:19","modified_gmt":"2025-01-12T07:45:19","slug":"expert-glue-copy-copy","status":"publish","type":"product","link":"https:\/\/lashacademymarbella.com\/es\/producto\/expert-glue-copy-copy\/","title":{"rendered":"Super Bonder"},"content":{"rendered":"<p>Hoy en d\u00eda afortunadamente contamos con productos muy profesionales que nos ayudan en estos tratamientos y existe uno espec\u00edfico para ayudar a mejorar la retenci\u00f3n. Se trata del Bonder para extensiones de pesta\u00f1as. Este producto se encarga de sellar el adhesivo, ya que fortalece la uni\u00f3n entre la pesta\u00f1a natural y la extensi\u00f3n.<br \/>\nAdem\u00e1s, neutraliza los vapores del pegamento, minimizando las irritaciones que el pegamento puede causar en los ojos.<br \/>\nSe debe aplicar con un microcepillo humedecido en el punto de uni\u00f3n de la extensi\u00f3n con la pesta\u00f1a natural.<br \/>\nOs recomendamos este que pod\u00e9is encontrar en nuestra tienda online <strong>IMPORTANTE:<\/strong><br \/>\nSuperbonder solo debe aplicarse en la zona del pegamento con un microcepillo despu\u00e9s de que el tratamiento haya finalizado. No recomendamos usar Superbonder en un nanomister u otros dispositivos similares, ya que puede causar irritaci\u00f3n cut\u00e1nea u otros efectos secundarios. <\/p>\n","protected":false},"excerpt":{"rendered":"<p>Hoy en d\u00eda afortunadamente contamos con productos muy profesionales que nos ayudan en estos tratamientos y existe uno espec\u00edfico para ayudar a mejorar la retenci\u00f3n. Se trata del Bonder para extensiones de pesta\u00f1as. Este producto se encarga de sellar el adhesivo, ya que fortalece la uni\u00f3n entre la pesta\u00f1a natural y la extensi\u00f3n. Adem\u00e1s, neutraliza [&hellip;]<\/p>\n","protected":false},"featured_media":16057,"template":"","meta":[],"product_brand":[],"product_cat":[136,137],"product_tag":[],"class_list":{"0":"post-16055","1":"product","2":"type-product","3":"status-publish","4":"has-post-thumbnail","6":"product_cat-glues-solutions-es","7":"product_cat-liquids-es","9":"first","10":"instock","11":"taxable","12":"shipping-taxable","13":"purchasable","14":"product-type-simple"},"_links":{"self":[{"href":"https:\/\/lashacademymarbella.com\/es\/wp-json\/wp\/v2\/product\/16055","targetHints":{"allow":["GET"]}}],"collection":[{"href":"https:\/\/lashacademymarbella.com\/es\/wp-json\/wp\/v2\/product"}],"about":[{"href":"https:\/\/lashacademymarbella.com\/es\/wp-json\/wp\/v2\/types\/product"}],"wp:featuredmedia":[{"embeddable":true,"href":"https:\/\/lashacademymarbella.com\/es\/wp-json\/wp\/v2\/media\/16057"}],"wp:attachment":[{"href":"https:\/\/lashacademymarbella.com\/es\/wp-json\/wp\/v2\/media?parent=16055"}],"wp:term":[{"taxonomy":"product_brand","embeddable":true,"href":"https:\/\/lashacademymarbella.com\/es\/wp-json\/wp\/v2\/product_brand?post=16055"},{"taxonomy":"product_cat","embeddable":true,"href":"https:\/\/lashacademymarbella.com\/es\/wp-json\/wp\/v2\/product_cat?post=16055"},{"taxonomy":"product_tag","embeddable":true,"href":"https:\/\/lashacademymarbella.com\/es\/wp-json\/wp\/v2\/product_tag?post=16055"}],"curies":[{"name":"wp","href":"https:\/\/api.w.org\/{rel}","templated":true}]}}