{"id":16070,"date":"2024-03-28T08:18:35","date_gmt":"2024-03-28T07:18:35","guid":{"rendered":"https:\/\/lashacademymarbella.com\/product\/pestanas-marrones\/"},"modified":"2025-01-12T08:18:35","modified_gmt":"2025-01-12T07:18:35","slug":"pestanas-marrones","status":"publish","type":"product","link":"https:\/\/lashacademymarbella.com\/es\/producto\/pestanas-marrones\/","title":{"rendered":"Pesta\u00f1as marrones"},"content":{"rendered":"<p>Presentamos las pesta\u00f1as de color marr\u00f3n espresso\/coffee\/woodland de nuestra colecci\u00f3n Brown Lashes. Elaboradas con la mejor fibra PBT importada de Corea, estas pesta\u00f1as presentan un acabado semimate, que proporciona un resultado ultra suave, ultra liviano y antirreflejos para uso diario. Los tonos de marr\u00f3n intensos realzan su belleza natural con un toque sutil y elegante que complementa todos los tonos de piel y edades, lo que hace que las pesta\u00f1as de color espresso\/coffee\/woodland sean una opci\u00f3n ideal para quienes buscan agregar sofisticaci\u00f3n y profundidad sutiles a su rutina de pesta\u00f1as. <\/p>\n<p><strong>Caracter\u00edsticas principales:<\/strong><\/p>\n<p>Material: Fibra PBT ultra suave y ultra liviana importada de Corea, libre de crueldad animal y sin pruebas en animales.<br \/>\nCaracter\u00edsticas principales: Densa, semi mate, semi brillante y natural.<br \/>\nViene en una variedad de curvaturas, grosores y longitudes.<br \/>\nNo se adhiere a las pesta\u00f1as vecinas, no deja residuos de pegamento.<br \/>\nSin torceduras ni nudos.<br \/>\nSin l\u00e1tex, sin formaldeh\u00eddo.<br \/>\nRizado estable (las pesta\u00f1as son duraderas y mantienen su forma original durante al menos 1 a\u00f1o).<br \/>\nCrea un look cautivador y natural.<\/p>\n","protected":false},"excerpt":{"rendered":"<p>Presentamos las pesta\u00f1as de color marr\u00f3n espresso\/coffee\/woodland de nuestra colecci\u00f3n Brown Lashes. Elaboradas con la mejor fibra PBT importada de Corea, estas pesta\u00f1as presentan un acabado semimate, que proporciona un resultado ultra suave, ultra liviano y antirreflejos para uso diario. Los tonos de marr\u00f3n intensos realzan su belleza natural con un toque sutil y elegante [&hellip;]<\/p>\n","protected":false},"featured_media":16064,"template":"","meta":[],"product_brand":[],"product_cat":[135],"product_tag":[],"class_list":{"0":"post-16070","1":"product","2":"type-product","3":"status-publish","4":"has-post-thumbnail","6":"product_cat-pestanas","8":"first","9":"instock","10":"taxable","11":"shipping-taxable","12":"product-type-variable"},"_links":{"self":[{"href":"https:\/\/lashacademymarbella.com\/es\/wp-json\/wp\/v2\/product\/16070","targetHints":{"allow":["GET"]}}],"collection":[{"href":"https:\/\/lashacademymarbella.com\/es\/wp-json\/wp\/v2\/product"}],"about":[{"href":"https:\/\/lashacademymarbella.com\/es\/wp-json\/wp\/v2\/types\/product"}],"wp:featuredmedia":[{"embeddable":true,"href":"https:\/\/lashacademymarbella.com\/es\/wp-json\/wp\/v2\/media\/16064"}],"wp:attachment":[{"href":"https:\/\/lashacademymarbella.com\/es\/wp-json\/wp\/v2\/media?parent=16070"}],"wp:term":[{"taxonomy":"product_brand","embeddable":true,"href":"https:\/\/lashacademymarbella.com\/es\/wp-json\/wp\/v2\/product_brand?post=16070"},{"taxonomy":"product_cat","embeddable":true,"href":"https:\/\/lashacademymarbella.com\/es\/wp-json\/wp\/v2\/product_cat?post=16070"},{"taxonomy":"product_tag","embeddable":true,"href":"https:\/\/lashacademymarbella.com\/es\/wp-json\/wp\/v2\/product_tag?post=16070"}],"curies":[{"name":"wp","href":"https:\/\/api.w.org\/{rel}","templated":true}]}}